{"id":36289,"date":"2024-05-17T13:02:52","date_gmt":"2024-05-17T11:02:52","guid":{"rendered":"https:\/\/stade-tourismus.de\/?page_id=36289"},"modified":"2024-05-17T13:59:42","modified_gmt":"2024-05-17T11:59:42","slug":"die-kleine-stade-runde","status":"publish","type":"page","link":"https:\/\/stade-tourismus.de\/de\/entdecken-und-erleben\/aktiv-und-sportlich\/fahrrad-fahren\/die-kleine-stade-runde\/","title":{"rendered":"Die kleine Stade-Runde"},"content":{"rendered":"\t\t<div data-elementor-type=\"wp-page\" data-elementor-id=\"36289\" class=\"elementor elementor-36289\" data-elementor-post-type=\"page\">\n\t\t\t\t\t\t<section class=\"elementor-section elementor-top-section elementor-element elementor-element-e1e2304 elementor-section-height-min-height elementor-section-boxed elementor-section-height-default elementor-section-items-middle\" data-id=\"e1e2304\" data-element_type=\"section\" data-e-type=\"section\" data-settings=\"{&quot;background_background&quot;:&quot;classic&quot;,&quot;ekit_has_onepagescroll_dot&quot;:&quot;yes&quot;}\">\n\t\t\t\t\t\t\t<div class=\"elementor-background-overlay\"><\/div>\n\t\t\t\t\t\t\t<div class=\"elementor-container elementor-column-gap-default\">\n\t\t\t\t\t<div class=\"elementor-column elementor-col-100 elementor-top-column elementor-element elementor-element-772824d\" data-id=\"772824d\" data-element_type=\"column\" data-e-type=\"column\">\n\t\t\t<div class=\"elementor-widget-wrap elementor-element-populated\">\n\t\t\t\t\t\t<div class=\"elementor-element elementor-element-f89130d elementor-widget elementor-widget-heading\" data-id=\"f89130d\" data-element_type=\"widget\" data-e-type=\"widget\" data-settings=\"{&quot;ekit_we_effect_on&quot;:&quot;none&quot;}\" data-widget_type=\"heading.default\">\n\t\t\t\t<div class=\"elementor-widget-container\">\n\t\t\t\t\t<h3 class=\"elementor-heading-title elementor-size-default\">aktiv <br> entspannt<\/h3>\t\t\t\t<\/div>\n\t\t\t\t<\/div>\n\t\t\t\t\t<\/div>\n\t\t<\/div>\n\t\t\t\t\t<\/div>\n\t\t<\/section>\n\t\t\t\t<section class=\"elementor-section elementor-top-section elementor-element elementor-element-144de45 elementor-section-boxed elementor-section-height-default elementor-section-height-default\" data-id=\"144de45\" data-element_type=\"section\" data-e-type=\"section\" data-settings=\"{&quot;ekit_has_onepagescroll_dot&quot;:&quot;yes&quot;}\">\n\t\t\t\t\t\t<div class=\"elementor-container elementor-column-gap-no\">\n\t\t\t\t\t<div class=\"elementor-column elementor-col-100 elementor-top-column elementor-element elementor-element-10bab06\" data-id=\"10bab06\" data-element_type=\"column\" data-e-type=\"column\">\n\t\t\t<div class=\"elementor-widget-wrap elementor-element-populated\">\n\t\t\t\t\t\t<div class=\"elementor-element elementor-element-80e45f0 elementor-widget elementor-widget-breadcrumbs\" data-id=\"80e45f0\" data-element_type=\"widget\" data-e-type=\"widget\" data-settings=\"{&quot;ekit_we_effect_on&quot;:&quot;none&quot;}\" data-widget_type=\"breadcrumbs.default\">\n\t\t\t\t<div class=\"elementor-widget-container\">\n\t\t\t\t\t<p id=\"breadcrumbs\"><span><span><a href=\"https:\/\/stade-tourismus.de\/de\/\">Startseite<\/a><\/span><\/span><\/p>\t\t\t\t<\/div>\n\t\t\t\t<\/div>\n\t\t\t\t<section class=\"elementor-section elementor-inner-section elementor-element elementor-element-5729ed8 hdln--section elementor-section-boxed elementor-section-height-default elementor-section-height-default\" data-id=\"5729ed8\" data-element_type=\"section\" data-e-type=\"section\" data-settings=\"{&quot;ekit_has_onepagescroll_dot&quot;:&quot;yes&quot;}\">\n\t\t\t\t\t\t<div class=\"elementor-container elementor-column-gap-default\">\n\t\t\t\t\t<div class=\"elementor-column elementor-col-100 elementor-inner-column elementor-element elementor-element-dac83a1\" data-id=\"dac83a1\" data-element_type=\"column\" data-e-type=\"column\">\n\t\t\t<div class=\"elementor-widget-wrap elementor-element-populated\">\n\t\t\t\t\t\t<div class=\"elementor-element elementor-element-179fab3 elementor-widget elementor-widget-heading\" data-id=\"179fab3\" data-element_type=\"widget\" data-e-type=\"widget\" data-settings=\"{&quot;ekit_we_effect_on&quot;:&quot;none&quot;}\" data-widget_type=\"heading.default\">\n\t\t\t\t<div class=\"elementor-widget-container\">\n\t\t\t\t\t<h1 class=\"elementor-heading-title elementor-size-default\">Die kleine Stade-Runde<\/h1>\t\t\t\t<\/div>\n\t\t\t\t<\/div>\n\t\t\t\t<div class=\"elementor-element elementor-element-27ddfbd elementor-widget elementor-widget-heading\" data-id=\"27ddfbd\" data-element_type=\"widget\" data-e-type=\"widget\" data-settings=\"{&quot;ekit_we_effect_on&quot;:&quot;none&quot;}\" data-widget_type=\"heading.default\">\n\t\t\t\t<div class=\"elementor-widget-container\">\n\t\t\t\t\t<h3 class=\"elementor-heading-title elementor-size-default\">Stade. Land. Fluss. mit dem Rad...\u200b<\/h3>\t\t\t\t<\/div>\n\t\t\t\t<\/div>\n\t\t\t\t\t<\/div>\n\t\t<\/div>\n\t\t\t\t\t<\/div>\n\t\t<\/section>\n\t\t\t\t\t<\/div>\n\t\t<\/div>\n\t\t\t\t\t<\/div>\n\t\t<\/section>\n\t\t\t\t<section class=\"elementor-section elementor-top-section elementor-element elementor-element-34c9758 elementor-section-boxed elementor-section-height-default elementor-section-height-default\" data-id=\"34c9758\" data-element_type=\"section\" data-e-type=\"section\" data-settings=\"{&quot;ekit_has_onepagescroll_dot&quot;:&quot;yes&quot;}\">\n\t\t\t\t\t\t<div class=\"elementor-container elementor-column-gap-default\">\n\t\t\t\t\t<div class=\"elementor-column elementor-col-100 elementor-top-column elementor-element elementor-element-665992a\" data-id=\"665992a\" data-element_type=\"column\" data-e-type=\"column\">\n\t\t\t<div class=\"elementor-widget-wrap elementor-element-populated\">\n\t\t\t\t\t\t<div class=\"elementor-element elementor-element-0aaf64a elementor-widget elementor-widget-text-editor\" data-id=\"0aaf64a\" data-element_type=\"widget\" data-e-type=\"widget\" data-settings=\"{&quot;ekit_we_effect_on&quot;:&quot;none&quot;}\" data-widget_type=\"text-editor.default\">\n\t\t\t\t<div class=\"elementor-widget-container\">\n\t\t\t\t\t\t\t\t\t<p>Die 22 Kilometer lange Entdeckungsreise &#8222;Die kleine Stade-Runde&#8220; auf zwei R\u00e4dern bewegt sich fernab gro\u00dfer Stra\u00dfen und nur entspannte 80 H\u00f6henmeter m\u00fcssen \u00fcberwunden werden. Die abwechslungsreiche Tour macht naturr\u00e4umliche Highlights wie den Horstsee, die Gr\u00fcnfl\u00e4chen der halboffenen Wald- und Weidelandschaft Ottenbeck, das Paddelrevier Schwingetal mit Schwedenschanze, die Insel, die Wallanlagen sowie die Stader H\u00e4fen erlebbar. Verschiedene Stader Stadtteile werden durchfahren und auch das Naturschutzgebiet Barger Heide und der Schwarze Berg gestreift.<\/p>\t\t\t\t\t\t\t\t<\/div>\n\t\t\t\t<\/div>\n\t\t\t\t\t<\/div>\n\t\t<\/div>\n\t\t\t\t\t<\/div>\n\t\t<\/section>\n\t\t\t\t<section class=\"elementor-section elementor-top-section elementor-element elementor-element-a3c0309 elementor-section-boxed elementor-section-height-default elementor-section-height-default\" data-id=\"a3c0309\" data-element_type=\"section\" data-e-type=\"section\" data-settings=\"{&quot;ekit_has_onepagescroll_dot&quot;:&quot;yes&quot;}\">\n\t\t\t\t\t\t<div class=\"elementor-container elementor-column-gap-default\">\n\t\t\t\t\t<div class=\"elementor-column elementor-col-100 elementor-top-column elementor-element elementor-element-635d08a\" data-id=\"635d08a\" data-element_type=\"column\" data-e-type=\"column\">\n\t\t\t<div class=\"elementor-widget-wrap elementor-element-populated\">\n\t\t\t\t\t\t<div class=\"elementor-element elementor-element-3ecfa19 elementor-widget elementor-widget-html\" data-id=\"3ecfa19\" data-element_type=\"widget\" data-e-type=\"widget\" data-settings=\"{&quot;ekit_we_effect_on&quot;:&quot;none&quot;}\" data-widget_type=\"html.default\">\n\t\t\t\t<div class=\"elementor-widget-container\">\n\t\t\t\t\t<script \r\n\tid=\"et4pages\" \r\n\ttype=\"text\/javascript\" \r\n\tsrc=\"https:\/\/pages.et4.de\/de\/open-data-niedersachsen-tourismus\/default\/detail\/Tour\/t_100293619\/die-kleine-stade-runde?i_target=et4pages\">\r\n<\/script>\t\t\t\t<\/div>\n\t\t\t\t<\/div>\n\t\t\t\t\t<\/div>\n\t\t<\/div>\n\t\t\t\t\t<\/div>\n\t\t<\/section>\n\t\t\t\t<\/div>\n\t\t","protected":false},"excerpt":{"rendered":"<p>aktiv entspannt Die kleine Stade-Runde Stade. Land. Fluss. mit dem Rad&#8230;\u200b Die 22 Kilometer lange Entdeckungsreise &#8222;Die kleine Stade-Runde&#8220; auf zwei R\u00e4dern bewegt sich fernab gro\u00dfer Stra\u00dfen und nur entspannte 80 H\u00f6henmeter m\u00fcssen \u00fcberwunden werden. Die abwechslungsreiche Tour macht naturr\u00e4umliche Highlights wie den Horstsee, die Gr\u00fcnfl\u00e4chen der halboffenen Wald- und Weidelandschaft Ottenbeck, das Paddelrevier Schwingetal [&hellip;]<\/p>\n","protected":false},"author":2,"featured_media":0,"parent":3328,"menu_order":0,"comment_status":"closed","ping_status":"closed","template":"","meta":{"footnotes":""},"class_list":["post-36289","page","type-page","status-publish","hentry"],"yoast_head":"<!-- This site is optimized with the Yoast SEO plugin v27.3 - https:\/\/yoast.com\/product\/yoast-seo-wordpress\/ -->\n<title>Die kleine Stade-Runde - STADE Marketing und Tourismus<\/title>\n<meta name=\"robots\" content=\"index, follow, max-snippet:-1, max-image-preview:large, max-video-preview:-1\" \/>\n<link rel=\"canonical\" href=\"https:\/\/stade-tourismus.de\/de\/entdecken-und-erleben\/aktiv-und-sportlich\/fahrrad-fahren\/die-kleine-stade-runde\/\" \/>\n<meta property=\"og:locale\" content=\"de_DE\" \/>\n<meta property=\"og:type\" content=\"article\" \/>\n<meta property=\"og:title\" content=\"Die kleine Stade-Runde - STADE Marketing und Tourismus\" \/>\n<meta property=\"og:description\" content=\"aktiv entspannt Die kleine Stade-Runde Stade. Land. Fluss. mit dem Rad&#8230;\u200b Die 22 Kilometer lange Entdeckungsreise &#8222;Die kleine Stade-Runde&#8220; auf zwei R\u00e4dern bewegt sich fernab gro\u00dfer Stra\u00dfen und nur entspannte 80 H\u00f6henmeter m\u00fcssen \u00fcberwunden werden. Die abwechslungsreiche Tour macht naturr\u00e4umliche Highlights wie den Horstsee, die Gr\u00fcnfl\u00e4chen der halboffenen Wald- und Weidelandschaft Ottenbeck, das Paddelrevier Schwingetal [&hellip;]\" \/>\n<meta property=\"og:url\" content=\"https:\/\/stade-tourismus.de\/de\/entdecken-und-erleben\/aktiv-und-sportlich\/fahrrad-fahren\/die-kleine-stade-runde\/\" \/>\n<meta property=\"og:site_name\" content=\"STADE Marketing und Tourismus\" \/>\n<meta property=\"article:publisher\" content=\"https:\/\/www.facebook.com\/stade.tourismus\" \/>\n<meta property=\"article:modified_time\" content=\"2024-05-17T11:59:42+00:00\" \/>\n<meta property=\"og:image\" content=\"https:\/\/stade-tourismus.de\/wp-content\/uploads\/2021\/03\/logo-300b.png\" \/>\n\t<meta property=\"og:image:width\" content=\"300\" \/>\n\t<meta property=\"og:image:height\" content=\"42\" \/>\n\t<meta property=\"og:image:type\" content=\"image\/png\" \/>\n<meta name=\"twitter:card\" content=\"summary_large_image\" \/>\n<script type=\"application\/ld+json\" class=\"yoast-schema-graph\">{\"@context\":\"https:\\\/\\\/schema.org\",\"@graph\":[{\"@type\":\"WebPage\",\"@id\":\"https:\\\/\\\/stade-tourismus.de\\\/de\\\/entdecken-und-erleben\\\/aktiv-und-sportlich\\\/fahrrad-fahren\\\/die-kleine-stade-runde\\\/\",\"url\":\"https:\\\/\\\/stade-tourismus.de\\\/de\\\/entdecken-und-erleben\\\/aktiv-und-sportlich\\\/fahrrad-fahren\\\/die-kleine-stade-runde\\\/\",\"name\":\"Die kleine Stade-Runde - STADE Marketing und Tourismus\",\"isPartOf\":{\"@id\":\"https:\\\/\\\/stade-tourismus.de\\\/de\\\/#website\"},\"datePublished\":\"2024-05-17T11:02:52+00:00\",\"dateModified\":\"2024-05-17T11:59:42+00:00\",\"breadcrumb\":{\"@id\":\"https:\\\/\\\/stade-tourismus.de\\\/de\\\/entdecken-und-erleben\\\/aktiv-und-sportlich\\\/fahrrad-fahren\\\/die-kleine-stade-runde\\\/#breadcrumb\"},\"inLanguage\":\"de\",\"potentialAction\":[{\"@type\":\"ReadAction\",\"target\":[\"https:\\\/\\\/stade-tourismus.de\\\/de\\\/entdecken-und-erleben\\\/aktiv-und-sportlich\\\/fahrrad-fahren\\\/die-kleine-stade-runde\\\/\"]}]},{\"@type\":\"BreadcrumbList\",\"@id\":\"https:\\\/\\\/stade-tourismus.de\\\/de\\\/entdecken-und-erleben\\\/aktiv-und-sportlich\\\/fahrrad-fahren\\\/die-kleine-stade-runde\\\/#breadcrumb\",\"itemListElement\":[{\"@type\":\"ListItem\",\"position\":1,\"name\":\"Startseite\",\"item\":\"https:\\\/\\\/stade-tourismus.de\\\/de\\\/\"},{\"@type\":\"ListItem\",\"position\":2,\"name\":\"Entdecken &#038; Erleben\",\"item\":\"https:\\\/\\\/stade-tourismus.de\\\/de\\\/entdecken-und-erleben\\\/\"},{\"@type\":\"ListItem\",\"position\":3,\"name\":\"Aktiv und sportlich\",\"item\":\"https:\\\/\\\/stade-tourismus.de\\\/de\\\/entdecken-und-erleben\\\/aktiv-und-sportlich\\\/\"},{\"@type\":\"ListItem\",\"position\":4,\"name\":\"Fahrrad fahren\",\"item\":\"https:\\\/\\\/stade-tourismus.de\\\/de\\\/entdecken-und-erleben\\\/aktiv-und-sportlich\\\/fahrrad-fahren\\\/\"},{\"@type\":\"ListItem\",\"position\":5,\"name\":\"Die kleine Stade-Runde\"}]},{\"@type\":\"WebSite\",\"@id\":\"https:\\\/\\\/stade-tourismus.de\\\/de\\\/#website\",\"url\":\"https:\\\/\\\/stade-tourismus.de\\\/de\\\/\",\"name\":\"STADE Marketing und Tourismus\",\"description\":\"\",\"publisher\":{\"@id\":\"https:\\\/\\\/stade-tourismus.de\\\/de\\\/#organization\"},\"potentialAction\":[{\"@type\":\"SearchAction\",\"target\":{\"@type\":\"EntryPoint\",\"urlTemplate\":\"https:\\\/\\\/stade-tourismus.de\\\/de\\\/?s={search_term_string}\"},\"query-input\":{\"@type\":\"PropertyValueSpecification\",\"valueRequired\":true,\"valueName\":\"search_term_string\"}}],\"inLanguage\":\"de\"},{\"@type\":\"Organization\",\"@id\":\"https:\\\/\\\/stade-tourismus.de\\\/de\\\/#organization\",\"name\":\"STADE Marketing und Tourismus GmbH\",\"url\":\"https:\\\/\\\/stade-tourismus.de\\\/de\\\/\",\"logo\":{\"@type\":\"ImageObject\",\"inLanguage\":\"de\",\"@id\":\"https:\\\/\\\/stade-tourismus.de\\\/de\\\/#\\\/schema\\\/logo\\\/image\\\/\",\"url\":\"http:\\\/\\\/stadetouri.webhost.city-map.com\\\/wp-content\\\/uploads\\\/2021\\\/03\\\/logo-300b.png\",\"contentUrl\":\"http:\\\/\\\/stadetouri.webhost.city-map.com\\\/wp-content\\\/uploads\\\/2021\\\/03\\\/logo-300b.png\",\"width\":300,\"height\":42,\"caption\":\"STADE Marketing und Tourismus GmbH\"},\"image\":{\"@id\":\"https:\\\/\\\/stade-tourismus.de\\\/de\\\/#\\\/schema\\\/logo\\\/image\\\/\"},\"sameAs\":[\"https:\\\/\\\/www.facebook.com\\\/stade.tourismus\",\"https:\\\/\\\/www.instagram.com\\\/stade_frischer_wind\\\/\",\"https:\\\/\\\/www.youtube.com\\\/results?search_query=stade tourismus\"]}]}<\/script>\n<!-- \/ Yoast SEO plugin. -->","yoast_head_json":{"title":"Die kleine Stade-Runde - STADE Marketing und Tourismus","robots":{"index":"index","follow":"follow","max-snippet":"max-snippet:-1","max-image-preview":"max-image-preview:large","max-video-preview":"max-video-preview:-1"},"canonical":"https:\/\/stade-tourismus.de\/de\/entdecken-und-erleben\/aktiv-und-sportlich\/fahrrad-fahren\/die-kleine-stade-runde\/","og_locale":"de_DE","og_type":"article","og_title":"Die kleine Stade-Runde - STADE Marketing und Tourismus","og_description":"aktiv entspannt Die kleine Stade-Runde Stade. Land. Fluss. mit dem Rad&#8230;\u200b Die 22 Kilometer lange Entdeckungsreise &#8222;Die kleine Stade-Runde&#8220; auf zwei R\u00e4dern bewegt sich fernab gro\u00dfer Stra\u00dfen und nur entspannte 80 H\u00f6henmeter m\u00fcssen \u00fcberwunden werden. Die abwechslungsreiche Tour macht naturr\u00e4umliche Highlights wie den Horstsee, die Gr\u00fcnfl\u00e4chen der halboffenen Wald- und Weidelandschaft Ottenbeck, das Paddelrevier Schwingetal [&hellip;]","og_url":"https:\/\/stade-tourismus.de\/de\/entdecken-und-erleben\/aktiv-und-sportlich\/fahrrad-fahren\/die-kleine-stade-runde\/","og_site_name":"STADE Marketing und Tourismus","article_publisher":"https:\/\/www.facebook.com\/stade.tourismus","article_modified_time":"2024-05-17T11:59:42+00:00","og_image":[{"width":300,"height":42,"url":"https:\/\/stade-tourismus.de\/wp-content\/uploads\/2021\/03\/logo-300b.png","type":"image\/png"}],"twitter_card":"summary_large_image","schema":{"@context":"https:\/\/schema.org","@graph":[{"@type":"WebPage","@id":"https:\/\/stade-tourismus.de\/de\/entdecken-und-erleben\/aktiv-und-sportlich\/fahrrad-fahren\/die-kleine-stade-runde\/","url":"https:\/\/stade-tourismus.de\/de\/entdecken-und-erleben\/aktiv-und-sportlich\/fahrrad-fahren\/die-kleine-stade-runde\/","name":"Die kleine Stade-Runde - STADE Marketing und Tourismus","isPartOf":{"@id":"https:\/\/stade-tourismus.de\/de\/#website"},"datePublished":"2024-05-17T11:02:52+00:00","dateModified":"2024-05-17T11:59:42+00:00","breadcrumb":{"@id":"https:\/\/stade-tourismus.de\/de\/entdecken-und-erleben\/aktiv-und-sportlich\/fahrrad-fahren\/die-kleine-stade-runde\/#breadcrumb"},"inLanguage":"de","potentialAction":[{"@type":"ReadAction","target":["https:\/\/stade-tourismus.de\/de\/entdecken-und-erleben\/aktiv-und-sportlich\/fahrrad-fahren\/die-kleine-stade-runde\/"]}]},{"@type":"BreadcrumbList","@id":"https:\/\/stade-tourismus.de\/de\/entdecken-und-erleben\/aktiv-und-sportlich\/fahrrad-fahren\/die-kleine-stade-runde\/#breadcrumb","itemListElement":[{"@type":"ListItem","position":1,"name":"Startseite","item":"https:\/\/stade-tourismus.de\/de\/"},{"@type":"ListItem","position":2,"name":"Entdecken &#038; Erleben","item":"https:\/\/stade-tourismus.de\/de\/entdecken-und-erleben\/"},{"@type":"ListItem","position":3,"name":"Aktiv und sportlich","item":"https:\/\/stade-tourismus.de\/de\/entdecken-und-erleben\/aktiv-und-sportlich\/"},{"@type":"ListItem","position":4,"name":"Fahrrad fahren","item":"https:\/\/stade-tourismus.de\/de\/entdecken-und-erleben\/aktiv-und-sportlich\/fahrrad-fahren\/"},{"@type":"ListItem","position":5,"name":"Die kleine Stade-Runde"}]},{"@type":"WebSite","@id":"https:\/\/stade-tourismus.de\/de\/#website","url":"https:\/\/stade-tourismus.de\/de\/","name":"STADE Marketing und Tourismus","description":"","publisher":{"@id":"https:\/\/stade-tourismus.de\/de\/#organization"},"potentialAction":[{"@type":"SearchAction","target":{"@type":"EntryPoint","urlTemplate":"https:\/\/stade-tourismus.de\/de\/?s={search_term_string}"},"query-input":{"@type":"PropertyValueSpecification","valueRequired":true,"valueName":"search_term_string"}}],"inLanguage":"de"},{"@type":"Organization","@id":"https:\/\/stade-tourismus.de\/de\/#organization","name":"STADE Marketing und Tourismus GmbH","url":"https:\/\/stade-tourismus.de\/de\/","logo":{"@type":"ImageObject","inLanguage":"de","@id":"https:\/\/stade-tourismus.de\/de\/#\/schema\/logo\/image\/","url":"http:\/\/stadetouri.webhost.city-map.com\/wp-content\/uploads\/2021\/03\/logo-300b.png","contentUrl":"http:\/\/stadetouri.webhost.city-map.com\/wp-content\/uploads\/2021\/03\/logo-300b.png","width":300,"height":42,"caption":"STADE Marketing und Tourismus GmbH"},"image":{"@id":"https:\/\/stade-tourismus.de\/de\/#\/schema\/logo\/image\/"},"sameAs":["https:\/\/www.facebook.com\/stade.tourismus","https:\/\/www.instagram.com\/stade_frischer_wind\/","https:\/\/www.youtube.com\/results?search_query=stade tourismus"]}]}},"_links":{"self":[{"href":"https:\/\/stade-tourismus.de\/de\/wp-json\/wp\/v2\/pages\/36289","targetHints":{"allow":["GET"]}}],"collection":[{"href":"https:\/\/stade-tourismus.de\/de\/wp-json\/wp\/v2\/pages"}],"about":[{"href":"https:\/\/stade-tourismus.de\/de\/wp-json\/wp\/v2\/types\/page"}],"author":[{"embeddable":true,"href":"https:\/\/stade-tourismus.de\/de\/wp-json\/wp\/v2\/users\/2"}],"replies":[{"embeddable":true,"href":"https:\/\/stade-tourismus.de\/de\/wp-json\/wp\/v2\/comments?post=36289"}],"version-history":[{"count":0,"href":"https:\/\/stade-tourismus.de\/de\/wp-json\/wp\/v2\/pages\/36289\/revisions"}],"up":[{"embeddable":true,"href":"https:\/\/stade-tourismus.de\/de\/wp-json\/wp\/v2\/pages\/3328"}],"wp:attachment":[{"href":"https:\/\/stade-tourismus.de\/de\/wp-json\/wp\/v2\/media?parent=36289"}],"curies":[{"name":"wp","href":"https:\/\/api.w.org\/{rel}","templated":true}]}}