{"id":36308,"date":"2024-05-17T12:54:50","date_gmt":"2024-05-17T10:54:50","guid":{"rendered":"https:\/\/stade-tourismus.de\/?page_id=36308"},"modified":"2024-05-17T12:57:12","modified_gmt":"2024-05-17T10:57:12","slug":"die-schloss-agathenburg-runde","status":"publish","type":"page","link":"https:\/\/stade-tourismus.de\/de\/entdecken-und-erleben\/aktiv-und-sportlich\/fahrrad-fahren\/die-schloss-agathenburg-runde\/","title":{"rendered":"Die Schloss-Agathenburg-Runde"},"content":{"rendered":"\t\t<div data-elementor-type=\"wp-page\" data-elementor-id=\"36308\" class=\"elementor elementor-36308\" data-elementor-post-type=\"page\">\n\t\t\t\t\t\t<section class=\"elementor-section elementor-top-section elementor-element elementor-element-d93a4b4 elementor-section-height-min-height elementor-section-boxed elementor-section-height-default elementor-section-items-middle\" data-id=\"d93a4b4\" data-element_type=\"section\" data-e-type=\"section\" data-settings=\"{&quot;background_background&quot;:&quot;classic&quot;,&quot;ekit_has_onepagescroll_dot&quot;:&quot;yes&quot;}\">\n\t\t\t\t\t\t\t<div class=\"elementor-background-overlay\"><\/div>\n\t\t\t\t\t\t\t<div class=\"elementor-container elementor-column-gap-default\">\n\t\t\t\t\t<div class=\"elementor-column elementor-col-100 elementor-top-column elementor-element elementor-element-4afa316\" data-id=\"4afa316\" data-element_type=\"column\" data-e-type=\"column\">\n\t\t\t<div class=\"elementor-widget-wrap elementor-element-populated\">\n\t\t\t\t\t\t<div class=\"elementor-element elementor-element-31b8194 elementor-widget elementor-widget-heading\" data-id=\"31b8194\" data-element_type=\"widget\" data-e-type=\"widget\" data-settings=\"{&quot;ekit_we_effect_on&quot;:&quot;none&quot;}\" data-widget_type=\"heading.default\">\n\t\t\t\t<div class=\"elementor-widget-container\">\n\t\t\t\t\t<h3 class=\"elementor-heading-title elementor-size-default\">aktiv <br> entspannt<\/h3>\t\t\t\t<\/div>\n\t\t\t\t<\/div>\n\t\t\t\t\t<\/div>\n\t\t<\/div>\n\t\t\t\t\t<\/div>\n\t\t<\/section>\n\t\t\t\t<section class=\"elementor-section elementor-top-section elementor-element elementor-element-3c9165b elementor-section-boxed elementor-section-height-default elementor-section-height-default\" data-id=\"3c9165b\" data-element_type=\"section\" data-e-type=\"section\" data-settings=\"{&quot;ekit_has_onepagescroll_dot&quot;:&quot;yes&quot;}\">\n\t\t\t\t\t\t<div class=\"elementor-container elementor-column-gap-no\">\n\t\t\t\t\t<div class=\"elementor-column elementor-col-100 elementor-top-column elementor-element elementor-element-499d77b\" data-id=\"499d77b\" data-element_type=\"column\" data-e-type=\"column\">\n\t\t\t<div class=\"elementor-widget-wrap elementor-element-populated\">\n\t\t\t\t\t\t<div class=\"elementor-element elementor-element-b3280f8 elementor-widget elementor-widget-breadcrumbs\" data-id=\"b3280f8\" data-element_type=\"widget\" data-e-type=\"widget\" data-settings=\"{&quot;ekit_we_effect_on&quot;:&quot;none&quot;}\" data-widget_type=\"breadcrumbs.default\">\n\t\t\t\t<div class=\"elementor-widget-container\">\n\t\t\t\t\t<p id=\"breadcrumbs\"><span><span><a href=\"https:\/\/stade-tourismus.de\/de\/\">Startseite<\/a><\/span><\/span><\/p>\t\t\t\t<\/div>\n\t\t\t\t<\/div>\n\t\t\t\t<section class=\"elementor-section elementor-inner-section elementor-element elementor-element-4896b96 hdln--section elementor-section-boxed elementor-section-height-default elementor-section-height-default\" data-id=\"4896b96\" data-element_type=\"section\" data-e-type=\"section\" data-settings=\"{&quot;ekit_has_onepagescroll_dot&quot;:&quot;yes&quot;}\">\n\t\t\t\t\t\t<div class=\"elementor-container elementor-column-gap-default\">\n\t\t\t\t\t<div class=\"elementor-column elementor-col-100 elementor-inner-column elementor-element elementor-element-ce590e6\" data-id=\"ce590e6\" data-element_type=\"column\" data-e-type=\"column\">\n\t\t\t<div class=\"elementor-widget-wrap elementor-element-populated\">\n\t\t\t\t\t\t<div class=\"elementor-element elementor-element-8572ba0 elementor-widget elementor-widget-heading\" data-id=\"8572ba0\" data-element_type=\"widget\" data-e-type=\"widget\" data-settings=\"{&quot;ekit_we_effect_on&quot;:&quot;none&quot;}\" data-widget_type=\"heading.default\">\n\t\t\t\t<div class=\"elementor-widget-container\">\n\t\t\t\t\t<h1 class=\"elementor-heading-title elementor-size-default\">Die Schloss-Agathenburg-Runde<\/h1>\t\t\t\t<\/div>\n\t\t\t\t<\/div>\n\t\t\t\t<div class=\"elementor-element elementor-element-8a697b8 elementor-widget elementor-widget-heading\" data-id=\"8a697b8\" data-element_type=\"widget\" data-e-type=\"widget\" data-settings=\"{&quot;ekit_we_effect_on&quot;:&quot;none&quot;}\" data-widget_type=\"heading.default\">\n\t\t\t\t<div class=\"elementor-widget-container\">\n\t\t\t\t\t<h3 class=\"elementor-heading-title elementor-size-default\">Schlossbesuch und Obstplantagen...\u200b<\/h3>\t\t\t\t<\/div>\n\t\t\t\t<\/div>\n\t\t\t\t\t<\/div>\n\t\t<\/div>\n\t\t\t\t\t<\/div>\n\t\t<\/section>\n\t\t\t\t\t<\/div>\n\t\t<\/div>\n\t\t\t\t\t<\/div>\n\t\t<\/section>\n\t\t\t\t<section class=\"elementor-section elementor-top-section elementor-element elementor-element-ae93b5c elementor-reverse-mobile elementor-section-boxed elementor-section-height-default elementor-section-height-default\" data-id=\"ae93b5c\" data-element_type=\"section\" data-e-type=\"section\" data-settings=\"{&quot;ekit_has_onepagescroll_dot&quot;:&quot;yes&quot;}\">\n\t\t\t\t\t\t<div class=\"elementor-container elementor-column-gap-default\">\n\t\t\t\t\t<div class=\"elementor-column elementor-col-100 elementor-top-column elementor-element elementor-element-935639f\" data-id=\"935639f\" data-element_type=\"column\" data-e-type=\"column\">\n\t\t\t<div class=\"elementor-widget-wrap elementor-element-populated\">\n\t\t\t\t\t\t<div class=\"elementor-element elementor-element-1c99224 elementor-widget elementor-widget-text-editor\" data-id=\"1c99224\" data-element_type=\"widget\" data-e-type=\"widget\" data-settings=\"{&quot;ekit_we_effect_on&quot;:&quot;none&quot;}\" data-widget_type=\"text-editor.default\">\n\t\t\t\t<div class=\"elementor-widget-container\">\n\t\t\t\t\t\t\t\t\t<p>Auf der rund 30 Kilometer langen Schloss-Agathenburg-Runde geht es von Stade ins historische Agathenburg mit der gleichnamigen Schlossanlage. Der herrliche Schlossgarten l\u00e4dt zum Verschnaufen und Verweilen ein, das Schlosscaf\u00e9 zur St\u00e4rkung. Anschlie\u00dfend f\u00fchrt die Tour ins Alte Land, welches gepr\u00e4gt ist von Apfel- und Kirschb\u00e4ume, reetgedeckte Obsth\u00f6fe und schnuckeligen Hofl\u00e4den.<\/p>\t\t\t\t\t\t\t\t<\/div>\n\t\t\t\t<\/div>\n\t\t\t\t<div class=\"elementor-element elementor-element-489dff8 elementor-align-left elementor-hidden-desktop elementor-hidden-tablet elementor-hidden-mobile elementor-widget elementor-widget-button\" data-id=\"489dff8\" data-element_type=\"widget\" data-e-type=\"widget\" data-settings=\"{&quot;ekit_we_effect_on&quot;:&quot;none&quot;}\" data-widget_type=\"button.default\">\n\t\t\t\t<div class=\"elementor-widget-container\">\n\t\t\t\t\t\t\t\t\t<div class=\"elementor-button-wrapper\">\n\t\t\t\t\t<a class=\"elementor-button elementor-button-link elementor-size-sm\" href=\"https:\/\/www.urlaubsregion-altesland.de\/erlebnisse\/radfahren-in-der-region\/obstroute-weitere-themen-radtouren.html\" target=\"_blank\">\n\t\t\t\t\t\t<span class=\"elementor-button-content-wrapper\">\n\t\t\t\t\t\t\t\t\t<span class=\"elementor-button-text\">Mehr \u00fcber die Obstroute...<\/span>\n\t\t\t\t\t<\/span>\n\t\t\t\t\t<\/a>\n\t\t\t\t<\/div>\n\t\t\t\t\t\t\t\t<\/div>\n\t\t\t\t<\/div>\n\t\t\t\t\t<\/div>\n\t\t<\/div>\n\t\t\t\t\t<\/div>\n\t\t<\/section>\n\t\t\t\t<section class=\"elementor-section elementor-top-section elementor-element elementor-element-25bbe82 elementor-section-boxed elementor-section-height-default elementor-section-height-default\" data-id=\"25bbe82\" data-element_type=\"section\" data-e-type=\"section\" data-settings=\"{&quot;ekit_has_onepagescroll_dot&quot;:&quot;yes&quot;}\">\n\t\t\t\t\t\t<div class=\"elementor-container elementor-column-gap-default\">\n\t\t\t\t\t<div class=\"elementor-column elementor-col-100 elementor-top-column elementor-element elementor-element-0b6c844\" data-id=\"0b6c844\" data-element_type=\"column\" data-e-type=\"column\">\n\t\t\t<div class=\"elementor-widget-wrap elementor-element-populated\">\n\t\t\t\t\t\t<div class=\"elementor-element elementor-element-db147d3 elementor-widget elementor-widget-html\" data-id=\"db147d3\" data-element_type=\"widget\" data-e-type=\"widget\" data-settings=\"{&quot;ekit_we_effect_on&quot;:&quot;none&quot;}\" data-widget_type=\"html.default\">\n\t\t\t\t<div class=\"elementor-widget-container\">\n\t\t\t\t\t<script \r\n\tid=\"et4pages\" \r\n\ttype=\"text\/javascript\" \r\n\tsrc=\"https:\/\/pages.et4.de\/de\/open-data-niedersachsen-tourismus\/default\/detail\/Tour\/t_100293864\/die-schloss-agathenburg-runde?i_target=et4pages\">\r\n<\/script>\t\t\t\t<\/div>\n\t\t\t\t<\/div>\n\t\t\t\t\t<\/div>\n\t\t<\/div>\n\t\t\t\t\t<\/div>\n\t\t<\/section>\n\t\t\t\t<\/div>\n\t\t","protected":false},"excerpt":{"rendered":"<p>aktiv entspannt Die Schloss-Agathenburg-Runde Schlossbesuch und Obstplantagen&#8230;\u200b Auf der rund 30 Kilometer langen Schloss-Agathenburg-Runde geht es von Stade ins historische Agathenburg mit der gleichnamigen Schlossanlage. Der herrliche Schlossgarten l\u00e4dt zum Verschnaufen und Verweilen ein, das Schlosscaf\u00e9 zur St\u00e4rkung. Anschlie\u00dfend f\u00fchrt die Tour ins Alte Land, welches gepr\u00e4gt ist von Apfel- und Kirschb\u00e4ume, reetgedeckte Obsth\u00f6fe und [&hellip;]<\/p>\n","protected":false},"author":2,"featured_media":0,"parent":3328,"menu_order":0,"comment_status":"closed","ping_status":"closed","template":"","meta":{"footnotes":""},"class_list":["post-36308","page","type-page","status-publish","hentry"],"yoast_head":"<!-- This site is optimized with the Yoast SEO plugin v27.3 - https:\/\/yoast.com\/product\/yoast-seo-wordpress\/ -->\n<title>Die Schloss-Agathenburg-Runde - STADE Marketing und Tourismus<\/title>\n<meta name=\"robots\" content=\"index, follow, max-snippet:-1, max-image-preview:large, max-video-preview:-1\" \/>\n<link rel=\"canonical\" href=\"https:\/\/stade-tourismus.de\/de\/entdecken-und-erleben\/aktiv-und-sportlich\/fahrrad-fahren\/die-schloss-agathenburg-runde\/\" \/>\n<meta property=\"og:locale\" content=\"de_DE\" \/>\n<meta property=\"og:type\" content=\"article\" \/>\n<meta property=\"og:title\" content=\"Die Schloss-Agathenburg-Runde - STADE Marketing und Tourismus\" \/>\n<meta property=\"og:description\" content=\"aktiv entspannt Die Schloss-Agathenburg-Runde Schlossbesuch und Obstplantagen&#8230;\u200b Auf der rund 30 Kilometer langen Schloss-Agathenburg-Runde geht es von Stade ins historische Agathenburg mit der gleichnamigen Schlossanlage. Der herrliche Schlossgarten l\u00e4dt zum Verschnaufen und Verweilen ein, das Schlosscaf\u00e9 zur St\u00e4rkung. Anschlie\u00dfend f\u00fchrt die Tour ins Alte Land, welches gepr\u00e4gt ist von Apfel- und Kirschb\u00e4ume, reetgedeckte Obsth\u00f6fe und [&hellip;]\" \/>\n<meta property=\"og:url\" content=\"https:\/\/stade-tourismus.de\/de\/entdecken-und-erleben\/aktiv-und-sportlich\/fahrrad-fahren\/die-schloss-agathenburg-runde\/\" \/>\n<meta property=\"og:site_name\" content=\"STADE Marketing und Tourismus\" \/>\n<meta property=\"article:publisher\" content=\"https:\/\/www.facebook.com\/stade.tourismus\" \/>\n<meta property=\"article:modified_time\" content=\"2024-05-17T10:57:12+00:00\" \/>\n<meta property=\"og:image\" content=\"https:\/\/stade-tourismus.de\/wp-content\/uploads\/2021\/03\/logo-300b.png\" \/>\n\t<meta property=\"og:image:width\" content=\"300\" \/>\n\t<meta property=\"og:image:height\" content=\"42\" \/>\n\t<meta property=\"og:image:type\" content=\"image\/png\" \/>\n<meta name=\"twitter:card\" content=\"summary_large_image\" \/>\n<script type=\"application\/ld+json\" class=\"yoast-schema-graph\">{\"@context\":\"https:\\\/\\\/schema.org\",\"@graph\":[{\"@type\":\"WebPage\",\"@id\":\"https:\\\/\\\/stade-tourismus.de\\\/de\\\/entdecken-und-erleben\\\/aktiv-und-sportlich\\\/fahrrad-fahren\\\/die-schloss-agathenburg-runde\\\/\",\"url\":\"https:\\\/\\\/stade-tourismus.de\\\/de\\\/entdecken-und-erleben\\\/aktiv-und-sportlich\\\/fahrrad-fahren\\\/die-schloss-agathenburg-runde\\\/\",\"name\":\"Die Schloss-Agathenburg-Runde - STADE Marketing und Tourismus\",\"isPartOf\":{\"@id\":\"https:\\\/\\\/stade-tourismus.de\\\/de\\\/#website\"},\"datePublished\":\"2024-05-17T10:54:50+00:00\",\"dateModified\":\"2024-05-17T10:57:12+00:00\",\"breadcrumb\":{\"@id\":\"https:\\\/\\\/stade-tourismus.de\\\/de\\\/entdecken-und-erleben\\\/aktiv-und-sportlich\\\/fahrrad-fahren\\\/die-schloss-agathenburg-runde\\\/#breadcrumb\"},\"inLanguage\":\"de\",\"potentialAction\":[{\"@type\":\"ReadAction\",\"target\":[\"https:\\\/\\\/stade-tourismus.de\\\/de\\\/entdecken-und-erleben\\\/aktiv-und-sportlich\\\/fahrrad-fahren\\\/die-schloss-agathenburg-runde\\\/\"]}]},{\"@type\":\"BreadcrumbList\",\"@id\":\"https:\\\/\\\/stade-tourismus.de\\\/de\\\/entdecken-und-erleben\\\/aktiv-und-sportlich\\\/fahrrad-fahren\\\/die-schloss-agathenburg-runde\\\/#breadcrumb\",\"itemListElement\":[{\"@type\":\"ListItem\",\"position\":1,\"name\":\"Startseite\",\"item\":\"https:\\\/\\\/stade-tourismus.de\\\/de\\\/\"},{\"@type\":\"ListItem\",\"position\":2,\"name\":\"Entdecken &#038; Erleben\",\"item\":\"https:\\\/\\\/stade-tourismus.de\\\/de\\\/entdecken-und-erleben\\\/\"},{\"@type\":\"ListItem\",\"position\":3,\"name\":\"Aktiv und sportlich\",\"item\":\"https:\\\/\\\/stade-tourismus.de\\\/de\\\/entdecken-und-erleben\\\/aktiv-und-sportlich\\\/\"},{\"@type\":\"ListItem\",\"position\":4,\"name\":\"Fahrrad fahren\",\"item\":\"https:\\\/\\\/stade-tourismus.de\\\/de\\\/entdecken-und-erleben\\\/aktiv-und-sportlich\\\/fahrrad-fahren\\\/\"},{\"@type\":\"ListItem\",\"position\":5,\"name\":\"Die Schloss-Agathenburg-Runde\"}]},{\"@type\":\"WebSite\",\"@id\":\"https:\\\/\\\/stade-tourismus.de\\\/de\\\/#website\",\"url\":\"https:\\\/\\\/stade-tourismus.de\\\/de\\\/\",\"name\":\"STADE Marketing und Tourismus\",\"description\":\"\",\"publisher\":{\"@id\":\"https:\\\/\\\/stade-tourismus.de\\\/de\\\/#organization\"},\"potentialAction\":[{\"@type\":\"SearchAction\",\"target\":{\"@type\":\"EntryPoint\",\"urlTemplate\":\"https:\\\/\\\/stade-tourismus.de\\\/de\\\/?s={search_term_string}\"},\"query-input\":{\"@type\":\"PropertyValueSpecification\",\"valueRequired\":true,\"valueName\":\"search_term_string\"}}],\"inLanguage\":\"de\"},{\"@type\":\"Organization\",\"@id\":\"https:\\\/\\\/stade-tourismus.de\\\/de\\\/#organization\",\"name\":\"STADE Marketing und Tourismus GmbH\",\"url\":\"https:\\\/\\\/stade-tourismus.de\\\/de\\\/\",\"logo\":{\"@type\":\"ImageObject\",\"inLanguage\":\"de\",\"@id\":\"https:\\\/\\\/stade-tourismus.de\\\/de\\\/#\\\/schema\\\/logo\\\/image\\\/\",\"url\":\"http:\\\/\\\/stadetouri.webhost.city-map.com\\\/wp-content\\\/uploads\\\/2021\\\/03\\\/logo-300b.png\",\"contentUrl\":\"http:\\\/\\\/stadetouri.webhost.city-map.com\\\/wp-content\\\/uploads\\\/2021\\\/03\\\/logo-300b.png\",\"width\":300,\"height\":42,\"caption\":\"STADE Marketing und Tourismus GmbH\"},\"image\":{\"@id\":\"https:\\\/\\\/stade-tourismus.de\\\/de\\\/#\\\/schema\\\/logo\\\/image\\\/\"},\"sameAs\":[\"https:\\\/\\\/www.facebook.com\\\/stade.tourismus\",\"https:\\\/\\\/www.instagram.com\\\/stade_frischer_wind\\\/\",\"https:\\\/\\\/www.youtube.com\\\/results?search_query=stade tourismus\"]}]}<\/script>\n<!-- \/ Yoast SEO plugin. -->","yoast_head_json":{"title":"Die Schloss-Agathenburg-Runde - STADE Marketing und Tourismus","robots":{"index":"index","follow":"follow","max-snippet":"max-snippet:-1","max-image-preview":"max-image-preview:large","max-video-preview":"max-video-preview:-1"},"canonical":"https:\/\/stade-tourismus.de\/de\/entdecken-und-erleben\/aktiv-und-sportlich\/fahrrad-fahren\/die-schloss-agathenburg-runde\/","og_locale":"de_DE","og_type":"article","og_title":"Die Schloss-Agathenburg-Runde - STADE Marketing und Tourismus","og_description":"aktiv entspannt Die Schloss-Agathenburg-Runde Schlossbesuch und Obstplantagen&#8230;\u200b Auf der rund 30 Kilometer langen Schloss-Agathenburg-Runde geht es von Stade ins historische Agathenburg mit der gleichnamigen Schlossanlage. Der herrliche Schlossgarten l\u00e4dt zum Verschnaufen und Verweilen ein, das Schlosscaf\u00e9 zur St\u00e4rkung. Anschlie\u00dfend f\u00fchrt die Tour ins Alte Land, welches gepr\u00e4gt ist von Apfel- und Kirschb\u00e4ume, reetgedeckte Obsth\u00f6fe und [&hellip;]","og_url":"https:\/\/stade-tourismus.de\/de\/entdecken-und-erleben\/aktiv-und-sportlich\/fahrrad-fahren\/die-schloss-agathenburg-runde\/","og_site_name":"STADE Marketing und Tourismus","article_publisher":"https:\/\/www.facebook.com\/stade.tourismus","article_modified_time":"2024-05-17T10:57:12+00:00","og_image":[{"width":300,"height":42,"url":"https:\/\/stade-tourismus.de\/wp-content\/uploads\/2021\/03\/logo-300b.png","type":"image\/png"}],"twitter_card":"summary_large_image","schema":{"@context":"https:\/\/schema.org","@graph":[{"@type":"WebPage","@id":"https:\/\/stade-tourismus.de\/de\/entdecken-und-erleben\/aktiv-und-sportlich\/fahrrad-fahren\/die-schloss-agathenburg-runde\/","url":"https:\/\/stade-tourismus.de\/de\/entdecken-und-erleben\/aktiv-und-sportlich\/fahrrad-fahren\/die-schloss-agathenburg-runde\/","name":"Die Schloss-Agathenburg-Runde - STADE Marketing und Tourismus","isPartOf":{"@id":"https:\/\/stade-tourismus.de\/de\/#website"},"datePublished":"2024-05-17T10:54:50+00:00","dateModified":"2024-05-17T10:57:12+00:00","breadcrumb":{"@id":"https:\/\/stade-tourismus.de\/de\/entdecken-und-erleben\/aktiv-und-sportlich\/fahrrad-fahren\/die-schloss-agathenburg-runde\/#breadcrumb"},"inLanguage":"de","potentialAction":[{"@type":"ReadAction","target":["https:\/\/stade-tourismus.de\/de\/entdecken-und-erleben\/aktiv-und-sportlich\/fahrrad-fahren\/die-schloss-agathenburg-runde\/"]}]},{"@type":"BreadcrumbList","@id":"https:\/\/stade-tourismus.de\/de\/entdecken-und-erleben\/aktiv-und-sportlich\/fahrrad-fahren\/die-schloss-agathenburg-runde\/#breadcrumb","itemListElement":[{"@type":"ListItem","position":1,"name":"Startseite","item":"https:\/\/stade-tourismus.de\/de\/"},{"@type":"ListItem","position":2,"name":"Entdecken &#038; Erleben","item":"https:\/\/stade-tourismus.de\/de\/entdecken-und-erleben\/"},{"@type":"ListItem","position":3,"name":"Aktiv und sportlich","item":"https:\/\/stade-tourismus.de\/de\/entdecken-und-erleben\/aktiv-und-sportlich\/"},{"@type":"ListItem","position":4,"name":"Fahrrad fahren","item":"https:\/\/stade-tourismus.de\/de\/entdecken-und-erleben\/aktiv-und-sportlich\/fahrrad-fahren\/"},{"@type":"ListItem","position":5,"name":"Die Schloss-Agathenburg-Runde"}]},{"@type":"WebSite","@id":"https:\/\/stade-tourismus.de\/de\/#website","url":"https:\/\/stade-tourismus.de\/de\/","name":"STADE Marketing und Tourismus","description":"","publisher":{"@id":"https:\/\/stade-tourismus.de\/de\/#organization"},"potentialAction":[{"@type":"SearchAction","target":{"@type":"EntryPoint","urlTemplate":"https:\/\/stade-tourismus.de\/de\/?s={search_term_string}"},"query-input":{"@type":"PropertyValueSpecification","valueRequired":true,"valueName":"search_term_string"}}],"inLanguage":"de"},{"@type":"Organization","@id":"https:\/\/stade-tourismus.de\/de\/#organization","name":"STADE Marketing und Tourismus GmbH","url":"https:\/\/stade-tourismus.de\/de\/","logo":{"@type":"ImageObject","inLanguage":"de","@id":"https:\/\/stade-tourismus.de\/de\/#\/schema\/logo\/image\/","url":"http:\/\/stadetouri.webhost.city-map.com\/wp-content\/uploads\/2021\/03\/logo-300b.png","contentUrl":"http:\/\/stadetouri.webhost.city-map.com\/wp-content\/uploads\/2021\/03\/logo-300b.png","width":300,"height":42,"caption":"STADE Marketing und Tourismus GmbH"},"image":{"@id":"https:\/\/stade-tourismus.de\/de\/#\/schema\/logo\/image\/"},"sameAs":["https:\/\/www.facebook.com\/stade.tourismus","https:\/\/www.instagram.com\/stade_frischer_wind\/","https:\/\/www.youtube.com\/results?search_query=stade tourismus"]}]}},"_links":{"self":[{"href":"https:\/\/stade-tourismus.de\/de\/wp-json\/wp\/v2\/pages\/36308","targetHints":{"allow":["GET"]}}],"collection":[{"href":"https:\/\/stade-tourismus.de\/de\/wp-json\/wp\/v2\/pages"}],"about":[{"href":"https:\/\/stade-tourismus.de\/de\/wp-json\/wp\/v2\/types\/page"}],"author":[{"embeddable":true,"href":"https:\/\/stade-tourismus.de\/de\/wp-json\/wp\/v2\/users\/2"}],"replies":[{"embeddable":true,"href":"https:\/\/stade-tourismus.de\/de\/wp-json\/wp\/v2\/comments?post=36308"}],"version-history":[{"count":0,"href":"https:\/\/stade-tourismus.de\/de\/wp-json\/wp\/v2\/pages\/36308\/revisions"}],"up":[{"embeddable":true,"href":"https:\/\/stade-tourismus.de\/de\/wp-json\/wp\/v2\/pages\/3328"}],"wp:attachment":[{"href":"https:\/\/stade-tourismus.de\/de\/wp-json\/wp\/v2\/media?parent=36308"}],"curies":[{"name":"wp","href":"https:\/\/api.w.org\/{rel}","templated":true}]}}