{"id":36341,"date":"2024-05-17T13:13:00","date_gmt":"2024-05-17T11:13:00","guid":{"rendered":"https:\/\/stade-tourismus.de\/?page_id=36341"},"modified":"2024-05-23T10:39:48","modified_gmt":"2024-05-23T08:39:48","slug":"die-muhlenroute","status":"publish","type":"page","link":"https:\/\/stade-tourismus.de\/de\/entdecken-und-erleben\/aktiv-und-sportlich\/fahrrad-fahren\/die-muhlenroute\/","title":{"rendered":"Die M\u00fchlenroute"},"content":{"rendered":"\t\t<div data-elementor-type=\"wp-page\" data-elementor-id=\"36341\" class=\"elementor elementor-36341\" data-elementor-post-type=\"page\">\n\t\t\t\t\t\t<section class=\"elementor-section elementor-top-section elementor-element elementor-element-1737276 elementor-section-height-min-height elementor-section-boxed elementor-section-height-default elementor-section-items-middle\" data-id=\"1737276\" data-element_type=\"section\" data-e-type=\"section\" data-settings=\"{&quot;background_background&quot;:&quot;classic&quot;,&quot;ekit_has_onepagescroll_dot&quot;:&quot;yes&quot;}\">\n\t\t\t\t\t\t\t<div class=\"elementor-background-overlay\"><\/div>\n\t\t\t\t\t\t\t<div class=\"elementor-container elementor-column-gap-default\">\n\t\t\t\t\t<div class=\"elementor-column elementor-col-100 elementor-top-column elementor-element elementor-element-5117b7f\" data-id=\"5117b7f\" data-element_type=\"column\" data-e-type=\"column\">\n\t\t\t<div class=\"elementor-widget-wrap elementor-element-populated\">\n\t\t\t\t\t\t<div class=\"elementor-element elementor-element-1f4366b elementor-widget elementor-widget-heading\" data-id=\"1f4366b\" data-element_type=\"widget\" data-e-type=\"widget\" data-settings=\"{&quot;ekit_we_effect_on&quot;:&quot;none&quot;}\" data-widget_type=\"heading.default\">\n\t\t\t\t<div class=\"elementor-widget-container\">\n\t\t\t\t\t<h3 class=\"elementor-heading-title elementor-size-default\">aktiv <br> entspannt<\/h3>\t\t\t\t<\/div>\n\t\t\t\t<\/div>\n\t\t\t\t\t<\/div>\n\t\t<\/div>\n\t\t\t\t\t<\/div>\n\t\t<\/section>\n\t\t\t\t<section class=\"elementor-section elementor-top-section elementor-element elementor-element-7626324 elementor-section-boxed elementor-section-height-default elementor-section-height-default\" data-id=\"7626324\" data-element_type=\"section\" data-e-type=\"section\" data-settings=\"{&quot;ekit_has_onepagescroll_dot&quot;:&quot;yes&quot;}\">\n\t\t\t\t\t\t<div class=\"elementor-container elementor-column-gap-no\">\n\t\t\t\t\t<div class=\"elementor-column elementor-col-100 elementor-top-column elementor-element elementor-element-0b415f3\" data-id=\"0b415f3\" data-element_type=\"column\" data-e-type=\"column\">\n\t\t\t<div class=\"elementor-widget-wrap elementor-element-populated\">\n\t\t\t\t\t\t<div class=\"elementor-element elementor-element-38c4c48 elementor-widget elementor-widget-breadcrumbs\" data-id=\"38c4c48\" data-element_type=\"widget\" data-e-type=\"widget\" data-settings=\"{&quot;ekit_we_effect_on&quot;:&quot;none&quot;}\" data-widget_type=\"breadcrumbs.default\">\n\t\t\t\t<div class=\"elementor-widget-container\">\n\t\t\t\t\t<p id=\"breadcrumbs\"><span><span><a href=\"https:\/\/stade-tourismus.de\/de\/\">Startseite<\/a><\/span><\/span><\/p>\t\t\t\t<\/div>\n\t\t\t\t<\/div>\n\t\t\t\t<section class=\"elementor-section elementor-inner-section elementor-element elementor-element-a134612 hdln--section elementor-section-boxed elementor-section-height-default elementor-section-height-default\" data-id=\"a134612\" data-element_type=\"section\" data-e-type=\"section\" data-settings=\"{&quot;ekit_has_onepagescroll_dot&quot;:&quot;yes&quot;}\">\n\t\t\t\t\t\t<div class=\"elementor-container elementor-column-gap-default\">\n\t\t\t\t\t<div class=\"elementor-column elementor-col-100 elementor-inner-column elementor-element elementor-element-fe8ccec\" data-id=\"fe8ccec\" data-element_type=\"column\" data-e-type=\"column\">\n\t\t\t<div class=\"elementor-widget-wrap elementor-element-populated\">\n\t\t\t\t\t\t<div class=\"elementor-element elementor-element-cc711f2 elementor-widget elementor-widget-heading\" data-id=\"cc711f2\" data-element_type=\"widget\" data-e-type=\"widget\" data-settings=\"{&quot;ekit_we_effect_on&quot;:&quot;none&quot;}\" data-widget_type=\"heading.default\">\n\t\t\t\t<div class=\"elementor-widget-container\">\n\t\t\t\t\t<h1 class=\"elementor-heading-title elementor-size-default\">Die M\u00fchlenroute<\/h1>\t\t\t\t<\/div>\n\t\t\t\t<\/div>\n\t\t\t\t<div class=\"elementor-element elementor-element-4f26baf elementor-widget elementor-widget-heading\" data-id=\"4f26baf\" data-element_type=\"widget\" data-e-type=\"widget\" data-settings=\"{&quot;ekit_we_effect_on&quot;:&quot;none&quot;}\" data-widget_type=\"heading.default\">\n\t\t\t\t<div class=\"elementor-widget-container\">\n\t\t\t\t\t<h3 class=\"elementor-heading-title elementor-size-default\">Mit dem Fahrrad die M\u00fchlen der Region entdecken<\/h3>\t\t\t\t<\/div>\n\t\t\t\t<\/div>\n\t\t\t\t\t<\/div>\n\t\t<\/div>\n\t\t\t\t\t<\/div>\n\t\t<\/section>\n\t\t\t\t\t<\/div>\n\t\t<\/div>\n\t\t\t\t\t<\/div>\n\t\t<\/section>\n\t\t\t\t<section class=\"elementor-section elementor-top-section elementor-element elementor-element-be0f8ab elementor-section-boxed elementor-section-height-default elementor-section-height-default\" data-id=\"be0f8ab\" data-element_type=\"section\" data-e-type=\"section\" data-settings=\"{&quot;ekit_has_onepagescroll_dot&quot;:&quot;yes&quot;}\">\n\t\t\t\t\t\t<div class=\"elementor-container elementor-column-gap-default\">\n\t\t\t\t\t<div class=\"elementor-column elementor-col-100 elementor-top-column elementor-element elementor-element-afb8d6d\" data-id=\"afb8d6d\" data-element_type=\"column\" data-e-type=\"column\">\n\t\t\t<div class=\"elementor-widget-wrap elementor-element-populated\">\n\t\t\t\t\t\t<div class=\"elementor-element elementor-element-4b81aba elementor-widget elementor-widget-text-editor\" data-id=\"4b81aba\" data-element_type=\"widget\" data-e-type=\"widget\" data-settings=\"{&quot;ekit_we_effect_on&quot;:&quot;none&quot;}\" data-widget_type=\"text-editor.default\">\n\t\t\t\t<div class=\"elementor-widget-container\">\n\t\t\t\t\t\t\t\t\t<p>Die 52 Kilometer lange M\u00fchlenroute entf\u00fchrt Sie auf eine Rundtour durch die Region mit Fokus auf die M\u00fchlenlandschaft. Start und Ziel der Tour ist das STADEUM Kultur- und Tagungszentrum. Unterwegs k\u00f6nnen die Bockwindm\u00fchle auf der Museumsinsel, die Windm\u00fchle Amanda in Grefenmoor, die Windm\u00fchle Anna Maria in Kutenholz und die Wasserm\u00fchle in\u00a0 Fredenbeck bestaunt werden.<\/p>\t\t\t\t\t\t\t\t<\/div>\n\t\t\t\t<\/div>\n\t\t\t\t\t<\/div>\n\t\t<\/div>\n\t\t\t\t\t<\/div>\n\t\t<\/section>\n\t\t\t\t<section class=\"elementor-section elementor-top-section elementor-element elementor-element-9e70c43 elementor-section-boxed elementor-section-height-default elementor-section-height-default\" data-id=\"9e70c43\" data-element_type=\"section\" data-e-type=\"section\" data-settings=\"{&quot;ekit_has_onepagescroll_dot&quot;:&quot;yes&quot;}\">\n\t\t\t\t\t\t<div class=\"elementor-container elementor-column-gap-default\">\n\t\t\t\t\t<div class=\"elementor-column elementor-col-100 elementor-top-column elementor-element elementor-element-a794e27\" data-id=\"a794e27\" data-element_type=\"column\" data-e-type=\"column\">\n\t\t\t<div class=\"elementor-widget-wrap elementor-element-populated\">\n\t\t\t\t\t\t<div class=\"elementor-element elementor-element-231a719 elementor-widget elementor-widget-html\" data-id=\"231a719\" data-element_type=\"widget\" data-e-type=\"widget\" data-settings=\"{&quot;ekit_we_effect_on&quot;:&quot;none&quot;}\" data-widget_type=\"html.default\">\n\t\t\t\t<div class=\"elementor-widget-container\">\n\t\t\t\t\t<script \r\n\tid=\"et4pages\" \r\n\ttype=\"text\/javascript\" \r\n\tsrc=\"https:\/\/pages.et4.de\/de\/open-data-niedersachsen-tourismus\/default\/detail\/Tour\/t_100294462\/die-mhlenroute-ab-und-bis-stade?i_target=et4pages\">\r\n<\/script>\t\t\t\t<\/div>\n\t\t\t\t<\/div>\n\t\t\t\t\t<\/div>\n\t\t<\/div>\n\t\t\t\t\t<\/div>\n\t\t<\/section>\n\t\t\t\t<\/div>\n\t\t","protected":false},"excerpt":{"rendered":"<p>aktiv entspannt Die M\u00fchlenroute Mit dem Fahrrad die M\u00fchlen der Region entdecken Die 52 Kilometer lange M\u00fchlenroute entf\u00fchrt Sie auf eine Rundtour durch die Region mit Fokus auf die M\u00fchlenlandschaft. Start und Ziel der Tour ist das STADEUM Kultur- und Tagungszentrum. Unterwegs k\u00f6nnen die Bockwindm\u00fchle auf der Museumsinsel, die Windm\u00fchle Amanda in Grefenmoor, die Windm\u00fchle [&hellip;]<\/p>\n","protected":false},"author":2,"featured_media":0,"parent":3328,"menu_order":0,"comment_status":"closed","ping_status":"closed","template":"","meta":{"footnotes":""},"class_list":["post-36341","page","type-page","status-publish","hentry"],"yoast_head":"<!-- This site is optimized with the Yoast SEO plugin v27.3 - https:\/\/yoast.com\/product\/yoast-seo-wordpress\/ -->\n<title>Die M\u00fchlenroute - STADE Marketing und Tourismus<\/title>\n<meta name=\"robots\" content=\"index, follow, max-snippet:-1, max-image-preview:large, max-video-preview:-1\" \/>\n<link rel=\"canonical\" href=\"https:\/\/stade-tourismus.de\/de\/entdecken-und-erleben\/aktiv-und-sportlich\/fahrrad-fahren\/die-muhlenroute\/\" \/>\n<meta property=\"og:locale\" content=\"de_DE\" \/>\n<meta property=\"og:type\" content=\"article\" \/>\n<meta property=\"og:title\" content=\"Die M\u00fchlenroute - STADE Marketing und Tourismus\" \/>\n<meta property=\"og:description\" content=\"aktiv entspannt Die M\u00fchlenroute Mit dem Fahrrad die M\u00fchlen der Region entdecken Die 52 Kilometer lange M\u00fchlenroute entf\u00fchrt Sie auf eine Rundtour durch die Region mit Fokus auf die M\u00fchlenlandschaft. Start und Ziel der Tour ist das STADEUM Kultur- und Tagungszentrum. Unterwegs k\u00f6nnen die Bockwindm\u00fchle auf der Museumsinsel, die Windm\u00fchle Amanda in Grefenmoor, die Windm\u00fchle [&hellip;]\" \/>\n<meta property=\"og:url\" content=\"https:\/\/stade-tourismus.de\/de\/entdecken-und-erleben\/aktiv-und-sportlich\/fahrrad-fahren\/die-muhlenroute\/\" \/>\n<meta property=\"og:site_name\" content=\"STADE Marketing und Tourismus\" \/>\n<meta property=\"article:publisher\" content=\"https:\/\/www.facebook.com\/stade.tourismus\" \/>\n<meta property=\"article:modified_time\" content=\"2024-05-23T08:39:48+00:00\" \/>\n<meta property=\"og:image\" content=\"https:\/\/stade-tourismus.de\/wp-content\/uploads\/2021\/03\/logo-300b.png\" \/>\n\t<meta property=\"og:image:width\" content=\"300\" \/>\n\t<meta property=\"og:image:height\" content=\"42\" \/>\n\t<meta property=\"og:image:type\" content=\"image\/png\" \/>\n<meta name=\"twitter:card\" content=\"summary_large_image\" \/>\n<script type=\"application\/ld+json\" class=\"yoast-schema-graph\">{\"@context\":\"https:\\\/\\\/schema.org\",\"@graph\":[{\"@type\":\"WebPage\",\"@id\":\"https:\\\/\\\/stade-tourismus.de\\\/de\\\/entdecken-und-erleben\\\/aktiv-und-sportlich\\\/fahrrad-fahren\\\/die-muhlenroute\\\/\",\"url\":\"https:\\\/\\\/stade-tourismus.de\\\/de\\\/entdecken-und-erleben\\\/aktiv-und-sportlich\\\/fahrrad-fahren\\\/die-muhlenroute\\\/\",\"name\":\"Die M\u00fchlenroute - STADE Marketing und Tourismus\",\"isPartOf\":{\"@id\":\"https:\\\/\\\/stade-tourismus.de\\\/de\\\/#website\"},\"datePublished\":\"2024-05-17T11:13:00+00:00\",\"dateModified\":\"2024-05-23T08:39:48+00:00\",\"breadcrumb\":{\"@id\":\"https:\\\/\\\/stade-tourismus.de\\\/de\\\/entdecken-und-erleben\\\/aktiv-und-sportlich\\\/fahrrad-fahren\\\/die-muhlenroute\\\/#breadcrumb\"},\"inLanguage\":\"de\",\"potentialAction\":[{\"@type\":\"ReadAction\",\"target\":[\"https:\\\/\\\/stade-tourismus.de\\\/de\\\/entdecken-und-erleben\\\/aktiv-und-sportlich\\\/fahrrad-fahren\\\/die-muhlenroute\\\/\"]}]},{\"@type\":\"BreadcrumbList\",\"@id\":\"https:\\\/\\\/stade-tourismus.de\\\/de\\\/entdecken-und-erleben\\\/aktiv-und-sportlich\\\/fahrrad-fahren\\\/die-muhlenroute\\\/#breadcrumb\",\"itemListElement\":[{\"@type\":\"ListItem\",\"position\":1,\"name\":\"Startseite\",\"item\":\"https:\\\/\\\/stade-tourismus.de\\\/de\\\/\"},{\"@type\":\"ListItem\",\"position\":2,\"name\":\"Entdecken &#038; Erleben\",\"item\":\"https:\\\/\\\/stade-tourismus.de\\\/de\\\/entdecken-und-erleben\\\/\"},{\"@type\":\"ListItem\",\"position\":3,\"name\":\"Aktiv und sportlich\",\"item\":\"https:\\\/\\\/stade-tourismus.de\\\/de\\\/entdecken-und-erleben\\\/aktiv-und-sportlich\\\/\"},{\"@type\":\"ListItem\",\"position\":4,\"name\":\"Fahrrad fahren\",\"item\":\"https:\\\/\\\/stade-tourismus.de\\\/de\\\/entdecken-und-erleben\\\/aktiv-und-sportlich\\\/fahrrad-fahren\\\/\"},{\"@type\":\"ListItem\",\"position\":5,\"name\":\"Die M\u00fchlenroute\"}]},{\"@type\":\"WebSite\",\"@id\":\"https:\\\/\\\/stade-tourismus.de\\\/de\\\/#website\",\"url\":\"https:\\\/\\\/stade-tourismus.de\\\/de\\\/\",\"name\":\"STADE Marketing und Tourismus\",\"description\":\"\",\"publisher\":{\"@id\":\"https:\\\/\\\/stade-tourismus.de\\\/de\\\/#organization\"},\"potentialAction\":[{\"@type\":\"SearchAction\",\"target\":{\"@type\":\"EntryPoint\",\"urlTemplate\":\"https:\\\/\\\/stade-tourismus.de\\\/de\\\/?s={search_term_string}\"},\"query-input\":{\"@type\":\"PropertyValueSpecification\",\"valueRequired\":true,\"valueName\":\"search_term_string\"}}],\"inLanguage\":\"de\"},{\"@type\":\"Organization\",\"@id\":\"https:\\\/\\\/stade-tourismus.de\\\/de\\\/#organization\",\"name\":\"STADE Marketing und Tourismus GmbH\",\"url\":\"https:\\\/\\\/stade-tourismus.de\\\/de\\\/\",\"logo\":{\"@type\":\"ImageObject\",\"inLanguage\":\"de\",\"@id\":\"https:\\\/\\\/stade-tourismus.de\\\/de\\\/#\\\/schema\\\/logo\\\/image\\\/\",\"url\":\"http:\\\/\\\/stadetouri.webhost.city-map.com\\\/wp-content\\\/uploads\\\/2021\\\/03\\\/logo-300b.png\",\"contentUrl\":\"http:\\\/\\\/stadetouri.webhost.city-map.com\\\/wp-content\\\/uploads\\\/2021\\\/03\\\/logo-300b.png\",\"width\":300,\"height\":42,\"caption\":\"STADE Marketing und Tourismus GmbH\"},\"image\":{\"@id\":\"https:\\\/\\\/stade-tourismus.de\\\/de\\\/#\\\/schema\\\/logo\\\/image\\\/\"},\"sameAs\":[\"https:\\\/\\\/www.facebook.com\\\/stade.tourismus\",\"https:\\\/\\\/www.instagram.com\\\/stade_frischer_wind\\\/\",\"https:\\\/\\\/www.youtube.com\\\/results?search_query=stade tourismus\"]}]}<\/script>\n<!-- \/ Yoast SEO plugin. -->","yoast_head_json":{"title":"Die M\u00fchlenroute - STADE Marketing und Tourismus","robots":{"index":"index","follow":"follow","max-snippet":"max-snippet:-1","max-image-preview":"max-image-preview:large","max-video-preview":"max-video-preview:-1"},"canonical":"https:\/\/stade-tourismus.de\/de\/entdecken-und-erleben\/aktiv-und-sportlich\/fahrrad-fahren\/die-muhlenroute\/","og_locale":"de_DE","og_type":"article","og_title":"Die M\u00fchlenroute - STADE Marketing und Tourismus","og_description":"aktiv entspannt Die M\u00fchlenroute Mit dem Fahrrad die M\u00fchlen der Region entdecken Die 52 Kilometer lange M\u00fchlenroute entf\u00fchrt Sie auf eine Rundtour durch die Region mit Fokus auf die M\u00fchlenlandschaft. Start und Ziel der Tour ist das STADEUM Kultur- und Tagungszentrum. Unterwegs k\u00f6nnen die Bockwindm\u00fchle auf der Museumsinsel, die Windm\u00fchle Amanda in Grefenmoor, die Windm\u00fchle [&hellip;]","og_url":"https:\/\/stade-tourismus.de\/de\/entdecken-und-erleben\/aktiv-und-sportlich\/fahrrad-fahren\/die-muhlenroute\/","og_site_name":"STADE Marketing und Tourismus","article_publisher":"https:\/\/www.facebook.com\/stade.tourismus","article_modified_time":"2024-05-23T08:39:48+00:00","og_image":[{"width":300,"height":42,"url":"https:\/\/stade-tourismus.de\/wp-content\/uploads\/2021\/03\/logo-300b.png","type":"image\/png"}],"twitter_card":"summary_large_image","schema":{"@context":"https:\/\/schema.org","@graph":[{"@type":"WebPage","@id":"https:\/\/stade-tourismus.de\/de\/entdecken-und-erleben\/aktiv-und-sportlich\/fahrrad-fahren\/die-muhlenroute\/","url":"https:\/\/stade-tourismus.de\/de\/entdecken-und-erleben\/aktiv-und-sportlich\/fahrrad-fahren\/die-muhlenroute\/","name":"Die M\u00fchlenroute - STADE Marketing und Tourismus","isPartOf":{"@id":"https:\/\/stade-tourismus.de\/de\/#website"},"datePublished":"2024-05-17T11:13:00+00:00","dateModified":"2024-05-23T08:39:48+00:00","breadcrumb":{"@id":"https:\/\/stade-tourismus.de\/de\/entdecken-und-erleben\/aktiv-und-sportlich\/fahrrad-fahren\/die-muhlenroute\/#breadcrumb"},"inLanguage":"de","potentialAction":[{"@type":"ReadAction","target":["https:\/\/stade-tourismus.de\/de\/entdecken-und-erleben\/aktiv-und-sportlich\/fahrrad-fahren\/die-muhlenroute\/"]}]},{"@type":"BreadcrumbList","@id":"https:\/\/stade-tourismus.de\/de\/entdecken-und-erleben\/aktiv-und-sportlich\/fahrrad-fahren\/die-muhlenroute\/#breadcrumb","itemListElement":[{"@type":"ListItem","position":1,"name":"Startseite","item":"https:\/\/stade-tourismus.de\/de\/"},{"@type":"ListItem","position":2,"name":"Entdecken &#038; Erleben","item":"https:\/\/stade-tourismus.de\/de\/entdecken-und-erleben\/"},{"@type":"ListItem","position":3,"name":"Aktiv und sportlich","item":"https:\/\/stade-tourismus.de\/de\/entdecken-und-erleben\/aktiv-und-sportlich\/"},{"@type":"ListItem","position":4,"name":"Fahrrad fahren","item":"https:\/\/stade-tourismus.de\/de\/entdecken-und-erleben\/aktiv-und-sportlich\/fahrrad-fahren\/"},{"@type":"ListItem","position":5,"name":"Die M\u00fchlenroute"}]},{"@type":"WebSite","@id":"https:\/\/stade-tourismus.de\/de\/#website","url":"https:\/\/stade-tourismus.de\/de\/","name":"STADE Marketing und Tourismus","description":"","publisher":{"@id":"https:\/\/stade-tourismus.de\/de\/#organization"},"potentialAction":[{"@type":"SearchAction","target":{"@type":"EntryPoint","urlTemplate":"https:\/\/stade-tourismus.de\/de\/?s={search_term_string}"},"query-input":{"@type":"PropertyValueSpecification","valueRequired":true,"valueName":"search_term_string"}}],"inLanguage":"de"},{"@type":"Organization","@id":"https:\/\/stade-tourismus.de\/de\/#organization","name":"STADE Marketing und Tourismus GmbH","url":"https:\/\/stade-tourismus.de\/de\/","logo":{"@type":"ImageObject","inLanguage":"de","@id":"https:\/\/stade-tourismus.de\/de\/#\/schema\/logo\/image\/","url":"http:\/\/stadetouri.webhost.city-map.com\/wp-content\/uploads\/2021\/03\/logo-300b.png","contentUrl":"http:\/\/stadetouri.webhost.city-map.com\/wp-content\/uploads\/2021\/03\/logo-300b.png","width":300,"height":42,"caption":"STADE Marketing und Tourismus GmbH"},"image":{"@id":"https:\/\/stade-tourismus.de\/de\/#\/schema\/logo\/image\/"},"sameAs":["https:\/\/www.facebook.com\/stade.tourismus","https:\/\/www.instagram.com\/stade_frischer_wind\/","https:\/\/www.youtube.com\/results?search_query=stade tourismus"]}]}},"_links":{"self":[{"href":"https:\/\/stade-tourismus.de\/de\/wp-json\/wp\/v2\/pages\/36341","targetHints":{"allow":["GET"]}}],"collection":[{"href":"https:\/\/stade-tourismus.de\/de\/wp-json\/wp\/v2\/pages"}],"about":[{"href":"https:\/\/stade-tourismus.de\/de\/wp-json\/wp\/v2\/types\/page"}],"author":[{"embeddable":true,"href":"https:\/\/stade-tourismus.de\/de\/wp-json\/wp\/v2\/users\/2"}],"replies":[{"embeddable":true,"href":"https:\/\/stade-tourismus.de\/de\/wp-json\/wp\/v2\/comments?post=36341"}],"version-history":[{"count":0,"href":"https:\/\/stade-tourismus.de\/de\/wp-json\/wp\/v2\/pages\/36341\/revisions"}],"up":[{"embeddable":true,"href":"https:\/\/stade-tourismus.de\/de\/wp-json\/wp\/v2\/pages\/3328"}],"wp:attachment":[{"href":"https:\/\/stade-tourismus.de\/de\/wp-json\/wp\/v2\/media?parent=36341"}],"curies":[{"name":"wp","href":"https:\/\/api.w.org\/{rel}","templated":true}]}}