{"id":4797,"date":"2022-01-18T17:26:43","date_gmt":"2022-01-18T16:26:43","guid":{"rendered":"https:\/\/stadetouri.webhost.city-map.com\/?page_id=4797"},"modified":"2022-08-09T08:31:20","modified_gmt":"2022-08-09T06:31:20","slug":"agb-ticketonlinekauf","status":"publish","type":"page","link":"https:\/\/stade-tourismus.de\/de\/service\/rechtliches\/allgemeine-geschaeftsbedingungen\/agb-ticketonlinekauf\/","title":{"rendered":"AGB Ticketonlinekauf"},"content":{"rendered":"\t\t<div data-elementor-type=\"wp-page\" data-elementor-id=\"4797\" class=\"elementor elementor-4797\" data-elementor-post-type=\"page\">\n\t\t\t\t\t\t<section class=\"elementor-section elementor-top-section elementor-element elementor-element-4ad5770e elementor-section-height-min-height elementor-section-boxed elementor-section-height-default elementor-section-items-middle\" data-id=\"4ad5770e\" data-element_type=\"section\" data-e-type=\"section\" data-settings=\"{&quot;background_background&quot;:&quot;classic&quot;,&quot;ekit_has_onepagescroll_dot&quot;:&quot;yes&quot;}\">\n\t\t\t\t\t\t\t<div class=\"elementor-background-overlay\"><\/div>\n\t\t\t\t\t\t\t<div class=\"elementor-container elementor-column-gap-default\">\n\t\t\t\t\t<div class=\"elementor-column elementor-col-100 elementor-top-column elementor-element elementor-element-52e016fd\" data-id=\"52e016fd\" data-element_type=\"column\" data-e-type=\"column\">\n\t\t\t<div class=\"elementor-widget-wrap elementor-element-populated\">\n\t\t\t\t\t\t<div class=\"elementor-element elementor-element-71aac59e elementor-widget elementor-widget-heading\" data-id=\"71aac59e\" data-element_type=\"widget\" data-e-type=\"widget\" data-settings=\"{&quot;ekit_we_effect_on&quot;:&quot;none&quot;}\" data-widget_type=\"heading.default\">\n\t\t\t\t<div class=\"elementor-widget-container\">\n\t\t\t\t\t<h3 class=\"elementor-heading-title elementor-size-default\">nordisch <br>herzlich<\/h3>\t\t\t\t<\/div>\n\t\t\t\t<\/div>\n\t\t\t\t\t<\/div>\n\t\t<\/div>\n\t\t\t\t\t<\/div>\n\t\t<\/section>\n\t\t\t\t<section class=\"elementor-section elementor-top-section elementor-element elementor-element-f3078aa elementor-section-boxed elementor-section-height-default elementor-section-height-default\" data-id=\"f3078aa\" data-element_type=\"section\" data-e-type=\"section\" data-settings=\"{&quot;ekit_has_onepagescroll_dot&quot;:&quot;yes&quot;}\">\n\t\t\t\t\t\t<div class=\"elementor-container elementor-column-gap-no\">\n\t\t\t\t\t<div class=\"elementor-column elementor-col-100 elementor-top-column elementor-element elementor-element-fbe181e\" data-id=\"fbe181e\" data-element_type=\"column\" data-e-type=\"column\">\n\t\t\t<div class=\"elementor-widget-wrap elementor-element-populated\">\n\t\t\t\t\t\t<div class=\"elementor-element elementor-element-58053f57 elementor-widget elementor-widget-breadcrumbs\" data-id=\"58053f57\" data-element_type=\"widget\" data-e-type=\"widget\" data-settings=\"{&quot;ekit_we_effect_on&quot;:&quot;none&quot;}\" data-widget_type=\"breadcrumbs.default\">\n\t\t\t\t<div class=\"elementor-widget-container\">\n\t\t\t\t\t<p id=\"breadcrumbs\"><span><span><a href=\"https:\/\/stade-tourismus.de\/de\/\">Startseite<\/a><\/span><\/span><\/p>\t\t\t\t<\/div>\n\t\t\t\t<\/div>\n\t\t\t\t<section class=\"elementor-section elementor-inner-section elementor-element elementor-element-2906e288 hdln--section elementor-section-boxed elementor-section-height-default elementor-section-height-default\" data-id=\"2906e288\" data-element_type=\"section\" data-e-type=\"section\" data-settings=\"{&quot;ekit_has_onepagescroll_dot&quot;:&quot;yes&quot;}\">\n\t\t\t\t\t\t<div class=\"elementor-container elementor-column-gap-default\">\n\t\t\t\t\t<div class=\"elementor-column elementor-col-100 elementor-inner-column elementor-element elementor-element-33233d24\" data-id=\"33233d24\" data-element_type=\"column\" data-e-type=\"column\">\n\t\t\t<div class=\"elementor-widget-wrap elementor-element-populated\">\n\t\t\t\t\t\t<div class=\"elementor-element elementor-element-1a77c00d elementor-widget elementor-widget-heading\" data-id=\"1a77c00d\" data-element_type=\"widget\" data-e-type=\"widget\" data-settings=\"{&quot;ekit_we_effect_on&quot;:&quot;none&quot;}\" data-widget_type=\"heading.default\">\n\t\t\t\t<div class=\"elementor-widget-container\">\n\t\t\t\t\t<h1 class=\"elementor-heading-title elementor-size-default\">AGB Ticketonlinekauf<\/h1>\t\t\t\t<\/div>\n\t\t\t\t<\/div>\n\t\t\t\t\t<\/div>\n\t\t<\/div>\n\t\t\t\t\t<\/div>\n\t\t<\/section>\n\t\t\t\t\t<\/div>\n\t\t<\/div>\n\t\t\t\t\t<\/div>\n\t\t<\/section>\n\t\t\t\t<section class=\"elementor-section elementor-top-section elementor-element elementor-element-af1a09a elementor-section-boxed elementor-section-height-default elementor-section-height-default\" data-id=\"af1a09a\" data-element_type=\"section\" data-e-type=\"section\" data-settings=\"{&quot;ekit_has_onepagescroll_dot&quot;:&quot;yes&quot;}\">\n\t\t\t\t\t\t<div class=\"elementor-container elementor-column-gap-default\">\n\t\t\t\t\t<div class=\"elementor-column elementor-col-100 elementor-top-column elementor-element elementor-element-1638f35\" data-id=\"1638f35\" data-element_type=\"column\" data-e-type=\"column\">\n\t\t\t<div class=\"elementor-widget-wrap elementor-element-populated\">\n\t\t\t\t\t\t<div class=\"elementor-element elementor-element-f090c9d elementor-widget elementor-widget-text-editor\" data-id=\"f090c9d\" data-element_type=\"widget\" data-e-type=\"widget\" data-settings=\"{&quot;ekit_we_effect_on&quot;:&quot;none&quot;}\" data-widget_type=\"text-editor.default\">\n\t\t\t\t<div class=\"elementor-widget-container\">\n\t\t\t\t\t\t\t\t\t<div id=\"paragraph_4949594\" class=\"paragraph_text paragraph\"><div id=\"paragraph_4949594_inner\" class=\"paragraph_text_inner\"><p><strong>1. Geltungsbereich<\/strong><br \/>Nachfolgende Allgemeine Gesch\u00e4ftsbedingungen gelten f\u00fcr die Nutzung des Online-Kartenverkaufs der STADE Marketing und Tourismus GmbH unter www.stade-tourismus.de.<br \/>Die STADE Marketing und Tourismus GmbH vertreibt die Karten als Vermittlerin, es sei denn, sie ist ausdr\u00fccklich selbst als Veranstalter ausgewiesen. Mit der Bestellung von Karten beauftragt der Gast die STADE Marketing und Tourismus GmbH mit der Abwicklung des Kartenverkaufs einschlie\u00dflich Versand.<br \/>Mit dem Erwerb der Karte kommen vertragliche Beziehungen im Hinblick auf den Veranstaltungsbesuch ausschlie\u00dflich zwischen dem Karteninhaber (-k\u00e4ufer) und dem jeweiligen Veranstalter zustande. Somit ist dieser alleiniger Anspruchsgegner f\u00fcr die Anspr\u00fcche auf Erf\u00fcllung der Veranstaltungsleistung oder etwaige andere mit der Veranstaltungsdurchf\u00fchrung im Zusammenhang stehende Sekund\u00e4ranspr\u00fcche.<br \/>M\u00f6glicherweise gelten f\u00fcr diese rechtlichen Beziehungen eigene AGBs des Veranstalters, soweit diese dem Vertrag wirksam zugrunde gelegt wurden.<\/p><p><strong>2. Preise<\/strong><br \/>Die Preise f\u00fcr die Veranstaltungen sind im Internet in den Beschreibungen dieser einsehbar. Sofern im Einzelfall nicht anders angegeben, beinhaltet der angebotene Kartenpreis sowohl die Vorverkaufs- und Bearbeitungsentgelte als auch die gesetzliche Mehrwertsteuer soweit es sich nicht um Reiseleistungen nach \u00a7 25 UStG handelt.<\/p><p><strong>3. Zahlungsmodalit\u00e4ten\/Eigentumsvorbehalt<\/strong><br \/>Der Gesamtpreis der Bestellung inkl. aller Geb\u00fchren wird mit Best\u00e4tigung der Bestellung unter Vergabe einer individuellen Buchungsnummer sofort zur Zahlung f\u00e4llig Die Zahlung erfolgt beim Online-Kartenverkauf per Kreditkarte oder mittels SEPA-Lastschriftverfahren.<br \/>Soweit die finanzielle Abwicklung \u00fcber die STADE Marketing und Tourismus GmbH erfolgt, geschieht dies im Namen und f\u00fcr Rechnung des jeweiligen Veranstalters. Die Eintrittskarten bleiben bis zur vollst\u00e4ndigen Bezahlung Eigentum des Veranstalters. Sollte eine Zahlung r\u00fcckbelastet werden, ist der Kunde zur unverz\u00fcglichen R\u00fccksendung der Eintrittskarten und zur Erstattung der durch die R\u00fcckbelastungen entstanden Kosten verpflichtet.<br \/>Der STADE Marketing und Tourismus GmbH ist berechtigt, f\u00fcr erforderliche Mahnungen Entgelte zu erheben.<br \/>Die Geltendmachung eines weiteren Schadens seitens des Veranstalters wird hierdurch nicht ausgeschlossen.<\/p><p><strong>4. Teilnehmerzahl<\/strong><br \/>Die Mindestteilnehmerzahlen variieren je nach Programm. Angaben hierzu finden Sie in den Detailbeschreibungen. Der Veranstalter beh\u00e4lt sich vor, die Touren bei Nichterreichen der Mindestteilnehmerzahl f\u00fcnf Tage vorher abzusagen, wenn sowohl die Teilnehmerzahl, als auch die Absagefrist vorvertraglich ausdr\u00fccklich kommuniziert wurden. Der Ticketpreis wird vollst\u00e4ndig erstattet oder auf Wunsch des Kartenk\u00e4ufers mit einer anderen F\u00fchrung bzw. Veranstaltung verrechnet. Dar\u00fcber hinaus gehende Ersatzanspr\u00fcche stehen dem Kartenk\u00e4ufer in Zusammenhang mit der Absage nicht zu.<\/p><p><strong>5. Umtausch und R\u00fcckgabe<\/strong><br \/>Karten sind grunds\u00e4tzlich von Umtausch und R\u00fcckgabe ausgeschlossen. Da es sich beim Kauf von Veranstaltungskarten um den Bereich der Freizeitgestaltung handelt, hat der Gast beim Online-Kartenkauf kein Widerrufs- und R\u00fcckgaberecht (vgl. \u00a7 312 g Abs. 2 Nr. 8 BGB). Jede Bestellung von Karten ist damit unmittelbar nach Best\u00e4tigung bindend und verpflichtet zur Abnahme und Bezahlung der Karten. Eine Stornierung von gebuchten Tickets ist nicht m\u00f6glich. Bei Nicht-Inanspruchnahme des Tickets verf\u00e4llt dieses.<\/p><p><strong>6. Haftung<\/strong><br \/>6.1 Die STADE Marketing und Tourismus GmbH haftet dem Kartenk\u00e4ufer gegen\u00fcber f\u00fcr grob fahrl\u00e4ssige oder vors\u00e4tzliche Verletzung ihrer Vermittlerpflichten. Eine weitergehende Haftung ist ausgeschlossen. Ausgenommen von der Haftungsbeschr\u00e4nkung gem\u00e4\u00df Satz 1 ist die Haftung f\u00fcr Sch\u00e4den aus der Verletzung des Lebens, des K\u00f6rpers oder der Gesundheit und f\u00fcr sonstige Sch\u00e4den, soweit letztere mindestens auf einer grob fahrl\u00e4ssigen Pflichtverletzung der Institution, ihres gesetzlichen Vertreters oder eines Erf\u00fcllungs- und Verrichtungsgehilfen beruhen. Ausgenommen von der Haftungsbeschr\u00e4nkung gem\u00e4\u00df Satz 2 ist auch die Haftung f\u00fcr die Verletzung wesentlicher Vertragspflichten.<br \/>F\u00fcr die vermittelte Leistung selbst haftet der Vertragspartner und Leistungserbringer selbst.<\/p><p>6.2 Die vertragliche Haftung des Veranstalters f\u00fcr Sch\u00e4den, die nicht K\u00f6rpersch\u00e4den sind und nicht schuldhaft herbeigef\u00fchrt wurden ist auf den dreifachen Vertragspreis je Kunde (berechnet auf den Preis je Ticket) beschr\u00e4nkt.<\/p><p>6.3 F\u00fcr Fremdleistungen (z. B. gastronomische Leistungen, Merchandising usw.) haftet nicht der Veranstalter, sondern der jeweilige Leistungserbringer direkt.<\/p><p>6.4 Die STADE Marketing und Tourismus GmbH nimmt nicht an Schlichtungsverfahren nach dem Verbraucherstreitbeilegungsgesetz(VSBG) teil. Sofern eine Verbraucherstreitbeilegung nach Drucklegung dieser Bedingungen verpflichtend w\u00fcrde, informiert die STADE Marketing und Tourismus GmbH den Kunden hier\u00fcber in geeigneter Form. Seit dem 15. Februar 2016 stellt die EU-Kommission eine Plattform f\u00fcr au\u00dfergerichtliche Streitschlichtung bereit. Solchen Auftraggebern, die Verbraucher sind, gibt dies die M\u00f6glichkeit, Streitigkeiten im Zusammenhang mit der Benutzung der Internetplattform zun\u00e4chst ohne die Einschaltung eines Gerichts zu kl\u00e4ren. Die Streitbeilegungs-Plattform kann \u00fcber den externen Link <a href=\"http:\/\/ec.europa.eu\/consumers\/odr\/\" target=\"_blank\" rel=\"noopener\">http:\/\/ec.europa.eu\/consumers\/odr\/<\/a> abgerufen werden.<br \/><strong><br \/>7. Datenschutz<\/strong><br \/>Alle auf Personen bezogenen Daten, die der STADE Marketing und Tourismus GmbH zur Verf\u00fcgung gestellt werden, sind gem\u00e4\u00df den gesetzlichen Bestimmungen gegen missbr\u00e4uchliche Verwendung gesch\u00fctzt. Die uns durch den Kunden \u00fcbermittelten personenbezogenen Daten werden elektronisch erfasst, gespeichert und verarbeitet, auch im Wege des automatisierten Verfahrens. Personenbezogene Daten sind Daten die dazu verwendet werden k\u00f6nnen die Identit\u00e4t des Kunden zu erfahren wie z.B. Name, Adresse, Geburtsdatum, Telefonnummer, E-Mail- oder IP-Adresse. Personenbezogene Daten werden von uns nur erhoben und erfasst, wenn sie im Zusammenhang mit der Buchung stehen und notwendig sind, um die Abwicklung und Zahlung der Buchung st\u00f6rungsfrei zu gew\u00e4hrleisten. Die Erfassung und Verarbeitung der vom Kunden \u00fcbermittelten Daten findet unter Beachtung Datenschutz-Grundverordnung (DSGVO) statt. Der Kunde kann auf Nachfrage unentgeltlich \u00fcber die von ihm gespeicherten Daten Auskunft erhalten und bei Bedarf sein Recht auf Berichtigung, L\u00f6schung, Sperrung, Beschwerde, \u00dcbertragbarkeit, sowie auf Widerspruch und Auskunft \u00fcber die Dauer der Speicherung der Daten geltend machen. Sollte eine L\u00f6schung beantragt werden, muss beachtet werden, dass dem m\u00f6glicherweise gesetzliche Regelungen oder abrechnungstechnische\/buchhalterische Zwecke entgegenstehen k\u00f6nnen. Die Anfrage ist zu richten an: \u00a0info@stade-tourismus.de Eine Beschwerde kann bei der zust\u00e4ndigen Datenschutzbeh\u00f6rde des Landes Niedersachsen erhoben werden. Bitte sehen Sie hierzu auch unsere Datenschutzhinweise unter: <a href=\"https:\/\/stade-tourismus.de\/m\/de\/data_protection.html\" target=\"_blank\" rel=\"noopener\">https:\/\/stade-tourismus.de\/m\/de\/data_protection.html<\/a>.<\/p><p><strong>8. Anwendbares Recht\/Erf\u00fcllungsort und Gerichtsstand\/Salvatorische Klausel<\/strong><br \/>Es gilt ausschlie\u00dflich das Recht der Bundesrepublik Deutschland. Bei Verbrauchern, die den Vertrag nicht zu beruflichen oder gewerblichen Zwecken abschlie\u00dfen, gilt diese Rechtswahl nur insoweit, als nicht der gew\u00e4hrte Schutz durch zwingende Bestimmungen des Rechts des Staates, in dem der Verbraucher seinen gew\u00f6hnlichen Aufenthalt hat, entzogen wird.<br \/>Alleiniger Erf\u00fcllungsort f\u00fcr Lieferung, Leistung und Zahlung ist Stade.<br \/>Ist der Kunde Kaufmann, juristische Person des \u00f6ffentlichen Recht ist ausschlie\u00dflicher Gerichtsstand f\u00fcr alle Streitigkeiten aus diesem Vertrag der Sitz der STADE Marketing und Tourismus GmbH. Dasselbe gilt, wenn der Kunde keinen allgemeinen Gerichtsstand in Deutschland hat oder Wohnsitz oder gew\u00f6hnlicher Aufenthalt im Zeitpunkt der Klageerhebung nicht bekannt sind.<\/p><p>Soweit einzelne Bestimmungen dieser AGB unwirksam sind oder werden, wird die G\u00fcltigkeit der \u00fcbrigen Bestimmungen dadurch nicht ber\u00fchrt. An die Stelle der ung\u00fcltigen Bestimmungen tritt die f\u00fcr diesen Fall bestehende branchen\u00fcbliche Bestimmung, bei Fehlen einer zul\u00e4ssigen branchen\u00fcblichen die entsprechende gesetzliche Bestimmung.<\/p><p>STADE Marketing und Tourismus GmbH<br \/>Hansestra\u00dfe 16<br \/>21682 Stade<br \/>Telefon: 04141 77698-0<br \/>Telefax: 04141 77698-30<br \/>E-Mail: info@stade-tourismus.de<\/p><\/div><\/div>\t\t\t\t\t\t\t\t<\/div>\n\t\t\t\t<\/div>\n\t\t\t\t\t<\/div>\n\t\t<\/div>\n\t\t\t\t\t<\/div>\n\t\t<\/section>\n\t\t\t\t<\/div>\n\t\t","protected":false},"excerpt":{"rendered":"<p>nordisch herzlich AGB Ticketonlinekauf 1. GeltungsbereichNachfolgende Allgemeine Gesch\u00e4ftsbedingungen gelten f\u00fcr die Nutzung des Online-Kartenverkaufs der STADE Marketing und Tourismus GmbH unter www.stade-tourismus.de.Die STADE Marketing und Tourismus GmbH vertreibt die Karten als Vermittlerin, es sei denn, sie ist ausdr\u00fccklich selbst als Veranstalter ausgewiesen. Mit der Bestellung von Karten beauftragt der Gast die STADE Marketing und Tourismus [&hellip;]<\/p>\n","protected":false},"author":5,"featured_media":0,"parent":4794,"menu_order":1,"comment_status":"closed","ping_status":"closed","template":"","meta":{"footnotes":""},"class_list":["post-4797","page","type-page","status-publish","hentry"],"yoast_head":"<!-- This site is optimized with the Yoast SEO plugin v27.3 - https:\/\/yoast.com\/product\/yoast-seo-wordpress\/ -->\n<title>AGB Ticketonlinekauf - STADE Marketing und Tourismus<\/title>\n<meta name=\"robots\" content=\"index, follow, max-snippet:-1, max-image-preview:large, max-video-preview:-1\" \/>\n<link rel=\"canonical\" href=\"https:\/\/stade-tourismus.de\/de\/service\/rechtliches\/allgemeine-geschaeftsbedingungen\/agb-ticketonlinekauf\/\" \/>\n<meta property=\"og:locale\" content=\"de_DE\" \/>\n<meta property=\"og:type\" content=\"article\" \/>\n<meta property=\"og:title\" content=\"AGB Ticketonlinekauf - STADE Marketing und Tourismus\" \/>\n<meta property=\"og:description\" content=\"nordisch herzlich AGB Ticketonlinekauf 1. GeltungsbereichNachfolgende Allgemeine Gesch\u00e4ftsbedingungen gelten f\u00fcr die Nutzung des Online-Kartenverkaufs der STADE Marketing und Tourismus GmbH unter www.stade-tourismus.de.Die STADE Marketing und Tourismus GmbH vertreibt die Karten als Vermittlerin, es sei denn, sie ist ausdr\u00fccklich selbst als Veranstalter ausgewiesen. Mit der Bestellung von Karten beauftragt der Gast die STADE Marketing und Tourismus [&hellip;]\" \/>\n<meta property=\"og:url\" content=\"https:\/\/stade-tourismus.de\/de\/service\/rechtliches\/allgemeine-geschaeftsbedingungen\/agb-ticketonlinekauf\/\" \/>\n<meta property=\"og:site_name\" content=\"STADE Marketing und Tourismus\" \/>\n<meta property=\"article:publisher\" content=\"https:\/\/www.facebook.com\/stade.tourismus\" \/>\n<meta property=\"article:modified_time\" content=\"2022-08-09T06:31:20+00:00\" \/>\n<meta property=\"og:image\" content=\"https:\/\/stade-tourismus.de\/wp-content\/uploads\/2021\/03\/logo-300b.png\" \/>\n\t<meta property=\"og:image:width\" content=\"300\" \/>\n\t<meta property=\"og:image:height\" content=\"42\" \/>\n\t<meta property=\"og:image:type\" content=\"image\/png\" \/>\n<meta name=\"twitter:card\" content=\"summary_large_image\" \/>\n<script type=\"application\/ld+json\" class=\"yoast-schema-graph\">{\"@context\":\"https:\\\/\\\/schema.org\",\"@graph\":[{\"@type\":\"WebPage\",\"@id\":\"https:\\\/\\\/stade-tourismus.de\\\/de\\\/service\\\/rechtliches\\\/allgemeine-geschaeftsbedingungen\\\/agb-ticketonlinekauf\\\/\",\"url\":\"https:\\\/\\\/stade-tourismus.de\\\/de\\\/service\\\/rechtliches\\\/allgemeine-geschaeftsbedingungen\\\/agb-ticketonlinekauf\\\/\",\"name\":\"AGB Ticketonlinekauf - STADE Marketing und Tourismus\",\"isPartOf\":{\"@id\":\"https:\\\/\\\/stade-tourismus.de\\\/de\\\/#website\"},\"datePublished\":\"2022-01-18T16:26:43+00:00\",\"dateModified\":\"2022-08-09T06:31:20+00:00\",\"breadcrumb\":{\"@id\":\"https:\\\/\\\/stade-tourismus.de\\\/de\\\/service\\\/rechtliches\\\/allgemeine-geschaeftsbedingungen\\\/agb-ticketonlinekauf\\\/#breadcrumb\"},\"inLanguage\":\"de\",\"potentialAction\":[{\"@type\":\"ReadAction\",\"target\":[\"https:\\\/\\\/stade-tourismus.de\\\/de\\\/service\\\/rechtliches\\\/allgemeine-geschaeftsbedingungen\\\/agb-ticketonlinekauf\\\/\"]}]},{\"@type\":\"BreadcrumbList\",\"@id\":\"https:\\\/\\\/stade-tourismus.de\\\/de\\\/service\\\/rechtliches\\\/allgemeine-geschaeftsbedingungen\\\/agb-ticketonlinekauf\\\/#breadcrumb\",\"itemListElement\":[{\"@type\":\"ListItem\",\"position\":1,\"name\":\"Startseite\",\"item\":\"https:\\\/\\\/stade-tourismus.de\\\/de\\\/\"},{\"@type\":\"ListItem\",\"position\":2,\"name\":\"Service\",\"item\":\"https:\\\/\\\/stade-tourismus.de\\\/de\\\/service\\\/\"},{\"@type\":\"ListItem\",\"position\":3,\"name\":\"Rechtliches\",\"item\":\"https:\\\/\\\/stade-tourismus.de\\\/de\\\/service\\\/rechtliches\\\/\"},{\"@type\":\"ListItem\",\"position\":4,\"name\":\"Allgemeine Gesch\u00e4ftsbedingungen\",\"item\":\"https:\\\/\\\/stade-tourismus.de\\\/de\\\/service\\\/rechtliches\\\/allgemeine-geschaeftsbedingungen\\\/\"},{\"@type\":\"ListItem\",\"position\":5,\"name\":\"AGB Ticketonlinekauf\"}]},{\"@type\":\"WebSite\",\"@id\":\"https:\\\/\\\/stade-tourismus.de\\\/de\\\/#website\",\"url\":\"https:\\\/\\\/stade-tourismus.de\\\/de\\\/\",\"name\":\"STADE Marketing und Tourismus\",\"description\":\"\",\"publisher\":{\"@id\":\"https:\\\/\\\/stade-tourismus.de\\\/de\\\/#organization\"},\"potentialAction\":[{\"@type\":\"SearchAction\",\"target\":{\"@type\":\"EntryPoint\",\"urlTemplate\":\"https:\\\/\\\/stade-tourismus.de\\\/de\\\/?s={search_term_string}\"},\"query-input\":{\"@type\":\"PropertyValueSpecification\",\"valueRequired\":true,\"valueName\":\"search_term_string\"}}],\"inLanguage\":\"de\"},{\"@type\":\"Organization\",\"@id\":\"https:\\\/\\\/stade-tourismus.de\\\/de\\\/#organization\",\"name\":\"STADE Marketing und Tourismus GmbH\",\"url\":\"https:\\\/\\\/stade-tourismus.de\\\/de\\\/\",\"logo\":{\"@type\":\"ImageObject\",\"inLanguage\":\"de\",\"@id\":\"https:\\\/\\\/stade-tourismus.de\\\/de\\\/#\\\/schema\\\/logo\\\/image\\\/\",\"url\":\"http:\\\/\\\/stadetouri.webhost.city-map.com\\\/wp-content\\\/uploads\\\/2021\\\/03\\\/logo-300b.png\",\"contentUrl\":\"http:\\\/\\\/stadetouri.webhost.city-map.com\\\/wp-content\\\/uploads\\\/2021\\\/03\\\/logo-300b.png\",\"width\":300,\"height\":42,\"caption\":\"STADE Marketing und Tourismus GmbH\"},\"image\":{\"@id\":\"https:\\\/\\\/stade-tourismus.de\\\/de\\\/#\\\/schema\\\/logo\\\/image\\\/\"},\"sameAs\":[\"https:\\\/\\\/www.facebook.com\\\/stade.tourismus\",\"https:\\\/\\\/www.instagram.com\\\/stade_frischer_wind\\\/\",\"https:\\\/\\\/www.youtube.com\\\/results?search_query=stade tourismus\"]}]}<\/script>\n<!-- \/ Yoast SEO plugin. -->","yoast_head_json":{"title":"AGB Ticketonlinekauf - STADE Marketing und Tourismus","robots":{"index":"index","follow":"follow","max-snippet":"max-snippet:-1","max-image-preview":"max-image-preview:large","max-video-preview":"max-video-preview:-1"},"canonical":"https:\/\/stade-tourismus.de\/de\/service\/rechtliches\/allgemeine-geschaeftsbedingungen\/agb-ticketonlinekauf\/","og_locale":"de_DE","og_type":"article","og_title":"AGB Ticketonlinekauf - STADE Marketing und Tourismus","og_description":"nordisch herzlich AGB Ticketonlinekauf 1. GeltungsbereichNachfolgende Allgemeine Gesch\u00e4ftsbedingungen gelten f\u00fcr die Nutzung des Online-Kartenverkaufs der STADE Marketing und Tourismus GmbH unter www.stade-tourismus.de.Die STADE Marketing und Tourismus GmbH vertreibt die Karten als Vermittlerin, es sei denn, sie ist ausdr\u00fccklich selbst als Veranstalter ausgewiesen. Mit der Bestellung von Karten beauftragt der Gast die STADE Marketing und Tourismus [&hellip;]","og_url":"https:\/\/stade-tourismus.de\/de\/service\/rechtliches\/allgemeine-geschaeftsbedingungen\/agb-ticketonlinekauf\/","og_site_name":"STADE Marketing und Tourismus","article_publisher":"https:\/\/www.facebook.com\/stade.tourismus","article_modified_time":"2022-08-09T06:31:20+00:00","og_image":[{"width":300,"height":42,"url":"https:\/\/stade-tourismus.de\/wp-content\/uploads\/2021\/03\/logo-300b.png","type":"image\/png"}],"twitter_card":"summary_large_image","schema":{"@context":"https:\/\/schema.org","@graph":[{"@type":"WebPage","@id":"https:\/\/stade-tourismus.de\/de\/service\/rechtliches\/allgemeine-geschaeftsbedingungen\/agb-ticketonlinekauf\/","url":"https:\/\/stade-tourismus.de\/de\/service\/rechtliches\/allgemeine-geschaeftsbedingungen\/agb-ticketonlinekauf\/","name":"AGB Ticketonlinekauf - STADE Marketing und Tourismus","isPartOf":{"@id":"https:\/\/stade-tourismus.de\/de\/#website"},"datePublished":"2022-01-18T16:26:43+00:00","dateModified":"2022-08-09T06:31:20+00:00","breadcrumb":{"@id":"https:\/\/stade-tourismus.de\/de\/service\/rechtliches\/allgemeine-geschaeftsbedingungen\/agb-ticketonlinekauf\/#breadcrumb"},"inLanguage":"de","potentialAction":[{"@type":"ReadAction","target":["https:\/\/stade-tourismus.de\/de\/service\/rechtliches\/allgemeine-geschaeftsbedingungen\/agb-ticketonlinekauf\/"]}]},{"@type":"BreadcrumbList","@id":"https:\/\/stade-tourismus.de\/de\/service\/rechtliches\/allgemeine-geschaeftsbedingungen\/agb-ticketonlinekauf\/#breadcrumb","itemListElement":[{"@type":"ListItem","position":1,"name":"Startseite","item":"https:\/\/stade-tourismus.de\/de\/"},{"@type":"ListItem","position":2,"name":"Service","item":"https:\/\/stade-tourismus.de\/de\/service\/"},{"@type":"ListItem","position":3,"name":"Rechtliches","item":"https:\/\/stade-tourismus.de\/de\/service\/rechtliches\/"},{"@type":"ListItem","position":4,"name":"Allgemeine Gesch\u00e4ftsbedingungen","item":"https:\/\/stade-tourismus.de\/de\/service\/rechtliches\/allgemeine-geschaeftsbedingungen\/"},{"@type":"ListItem","position":5,"name":"AGB Ticketonlinekauf"}]},{"@type":"WebSite","@id":"https:\/\/stade-tourismus.de\/de\/#website","url":"https:\/\/stade-tourismus.de\/de\/","name":"STADE Marketing und Tourismus","description":"","publisher":{"@id":"https:\/\/stade-tourismus.de\/de\/#organization"},"potentialAction":[{"@type":"SearchAction","target":{"@type":"EntryPoint","urlTemplate":"https:\/\/stade-tourismus.de\/de\/?s={search_term_string}"},"query-input":{"@type":"PropertyValueSpecification","valueRequired":true,"valueName":"search_term_string"}}],"inLanguage":"de"},{"@type":"Organization","@id":"https:\/\/stade-tourismus.de\/de\/#organization","name":"STADE Marketing und Tourismus GmbH","url":"https:\/\/stade-tourismus.de\/de\/","logo":{"@type":"ImageObject","inLanguage":"de","@id":"https:\/\/stade-tourismus.de\/de\/#\/schema\/logo\/image\/","url":"http:\/\/stadetouri.webhost.city-map.com\/wp-content\/uploads\/2021\/03\/logo-300b.png","contentUrl":"http:\/\/stadetouri.webhost.city-map.com\/wp-content\/uploads\/2021\/03\/logo-300b.png","width":300,"height":42,"caption":"STADE Marketing und Tourismus GmbH"},"image":{"@id":"https:\/\/stade-tourismus.de\/de\/#\/schema\/logo\/image\/"},"sameAs":["https:\/\/www.facebook.com\/stade.tourismus","https:\/\/www.instagram.com\/stade_frischer_wind\/","https:\/\/www.youtube.com\/results?search_query=stade tourismus"]}]}},"_links":{"self":[{"href":"https:\/\/stade-tourismus.de\/de\/wp-json\/wp\/v2\/pages\/4797","targetHints":{"allow":["GET"]}}],"collection":[{"href":"https:\/\/stade-tourismus.de\/de\/wp-json\/wp\/v2\/pages"}],"about":[{"href":"https:\/\/stade-tourismus.de\/de\/wp-json\/wp\/v2\/types\/page"}],"author":[{"embeddable":true,"href":"https:\/\/stade-tourismus.de\/de\/wp-json\/wp\/v2\/users\/5"}],"replies":[{"embeddable":true,"href":"https:\/\/stade-tourismus.de\/de\/wp-json\/wp\/v2\/comments?post=4797"}],"version-history":[{"count":0,"href":"https:\/\/stade-tourismus.de\/de\/wp-json\/wp\/v2\/pages\/4797\/revisions"}],"up":[{"embeddable":true,"href":"https:\/\/stade-tourismus.de\/de\/wp-json\/wp\/v2\/pages\/4794"}],"wp:attachment":[{"href":"https:\/\/stade-tourismus.de\/de\/wp-json\/wp\/v2\/media?parent=4797"}],"curies":[{"name":"wp","href":"https:\/\/api.w.org\/{rel}","templated":true}]}}