{"id":8081,"date":"2022-01-18T12:12:17","date_gmt":"2022-01-18T11:12:17","guid":{"rendered":"https:\/\/stadetouri.webhost.city-map.com\/service\/rechtliches\/erklaerung-zur-barrierefreiheit\/"},"modified":"2022-08-09T08:27:16","modified_gmt":"2022-08-09T06:27:16","slug":"erklaerung-zur-barrierefreiheit","status":"publish","type":"page","link":"https:\/\/stade-tourismus.de\/de\/service\/rechtliches\/erklaerung-zur-barrierefreiheit\/","title":{"rendered":"Erkl\u00e4rung zur Barrierefreiheit"},"content":{"rendered":"\t\t<div data-elementor-type=\"wp-page\" data-elementor-id=\"8081\" class=\"elementor elementor-8081\" data-elementor-post-type=\"page\">\n\t\t\t\t\t\t<section class=\"elementor-section elementor-top-section elementor-element elementor-element-5e00c9a1 elementor-section-height-min-height elementor-section-boxed elementor-section-height-default elementor-section-items-middle\" data-id=\"5e00c9a1\" data-element_type=\"section\" data-e-type=\"section\" data-settings=\"{&quot;background_background&quot;:&quot;classic&quot;,&quot;ekit_has_onepagescroll_dot&quot;:&quot;yes&quot;}\">\n\t\t\t\t\t\t\t<div class=\"elementor-background-overlay\"><\/div>\n\t\t\t\t\t\t\t<div class=\"elementor-container elementor-column-gap-default\">\n\t\t\t\t\t<div class=\"elementor-column elementor-col-100 elementor-top-column elementor-element elementor-element-4d0f632\" data-id=\"4d0f632\" data-element_type=\"column\" data-e-type=\"column\">\n\t\t\t<div class=\"elementor-widget-wrap elementor-element-populated\">\n\t\t\t\t\t\t<div class=\"elementor-element elementor-element-294ce7a8 elementor-widget elementor-widget-heading\" data-id=\"294ce7a8\" data-element_type=\"widget\" data-e-type=\"widget\" data-settings=\"{&quot;ekit_we_effect_on&quot;:&quot;none&quot;}\" data-widget_type=\"heading.default\">\n\t\t\t\t<div class=\"elementor-widget-container\">\n\t\t\t\t\t<h3 class=\"elementor-heading-title elementor-size-default\">nordisch <br>herzlich<\/h3>\t\t\t\t<\/div>\n\t\t\t\t<\/div>\n\t\t\t\t\t<\/div>\n\t\t<\/div>\n\t\t\t\t\t<\/div>\n\t\t<\/section>\n\t\t\t\t<section class=\"elementor-section elementor-top-section elementor-element elementor-element-2716ce1a elementor-section-boxed elementor-section-height-default elementor-section-height-default\" data-id=\"2716ce1a\" data-element_type=\"section\" data-e-type=\"section\" data-settings=\"{&quot;ekit_has_onepagescroll_dot&quot;:&quot;yes&quot;}\">\n\t\t\t\t\t\t<div class=\"elementor-container elementor-column-gap-no\">\n\t\t\t\t\t<div class=\"elementor-column elementor-col-100 elementor-top-column elementor-element elementor-element-2c477588\" data-id=\"2c477588\" data-element_type=\"column\" data-e-type=\"column\">\n\t\t\t<div class=\"elementor-widget-wrap elementor-element-populated\">\n\t\t\t\t\t\t<div class=\"elementor-element elementor-element-4e1337e0 elementor-widget elementor-widget-breadcrumbs\" data-id=\"4e1337e0\" data-element_type=\"widget\" data-e-type=\"widget\" data-settings=\"{&quot;ekit_we_effect_on&quot;:&quot;none&quot;}\" data-widget_type=\"breadcrumbs.default\">\n\t\t\t\t<div class=\"elementor-widget-container\">\n\t\t\t\t\t<p id=\"breadcrumbs\"><span><span><a href=\"https:\/\/stade-tourismus.de\/de\/\">Startseite<\/a><\/span><\/span><\/p>\t\t\t\t<\/div>\n\t\t\t\t<\/div>\n\t\t\t\t<section class=\"elementor-section elementor-inner-section elementor-element elementor-element-45cc454d hdln--section elementor-section-boxed elementor-section-height-default elementor-section-height-default\" data-id=\"45cc454d\" data-element_type=\"section\" data-e-type=\"section\" data-settings=\"{&quot;ekit_has_onepagescroll_dot&quot;:&quot;yes&quot;}\">\n\t\t\t\t\t\t<div class=\"elementor-container elementor-column-gap-default\">\n\t\t\t\t\t<div class=\"elementor-column elementor-col-100 elementor-inner-column elementor-element elementor-element-12afa0a9\" data-id=\"12afa0a9\" data-element_type=\"column\" data-e-type=\"column\">\n\t\t\t<div class=\"elementor-widget-wrap elementor-element-populated\">\n\t\t\t\t\t\t<div class=\"elementor-element elementor-element-e6436c3 elementor-widget elementor-widget-heading\" data-id=\"e6436c3\" data-element_type=\"widget\" data-e-type=\"widget\" data-settings=\"{&quot;ekit_we_effect_on&quot;:&quot;none&quot;}\" data-widget_type=\"heading.default\">\n\t\t\t\t<div class=\"elementor-widget-container\">\n\t\t\t\t\t<h1 class=\"elementor-heading-title elementor-size-default\">Erkl\u00e4rung zur Barrierefreiheit<\/h1>\t\t\t\t<\/div>\n\t\t\t\t<\/div>\n\t\t\t\t\t<\/div>\n\t\t<\/div>\n\t\t\t\t\t<\/div>\n\t\t<\/section>\n\t\t\t\t\t<\/div>\n\t\t<\/div>\n\t\t\t\t\t<\/div>\n\t\t<\/section>\n\t\t\t\t<section class=\"elementor-section elementor-top-section elementor-element elementor-element-af20188 elementor-section-boxed elementor-section-height-default elementor-section-height-default\" data-id=\"af20188\" data-element_type=\"section\" data-e-type=\"section\" data-settings=\"{&quot;ekit_has_onepagescroll_dot&quot;:&quot;yes&quot;}\">\n\t\t\t\t\t\t<div class=\"elementor-container elementor-column-gap-default\">\n\t\t\t\t\t<div class=\"elementor-column elementor-col-100 elementor-top-column elementor-element elementor-element-76f616c\" data-id=\"76f616c\" data-element_type=\"column\" data-e-type=\"column\">\n\t\t\t<div class=\"elementor-widget-wrap elementor-element-populated\">\n\t\t\t\t\t\t<div class=\"elementor-element elementor-element-8c0a59b elementor-widget elementor-widget-text-editor\" data-id=\"8c0a59b\" data-element_type=\"widget\" data-e-type=\"widget\" data-settings=\"{&quot;ekit_we_effect_on&quot;:&quot;none&quot;}\" data-widget_type=\"text-editor.default\">\n\t\t\t\t<div class=\"elementor-widget-container\">\n\t\t\t\t\t\t\t\t\t<div id=\"paragraph_7559077\" class=\"right paragraph_imagetext paragraph\"><div id=\"paragraph_7559077_inner\" class=\"paragraph_imagetext_inner\"><div class=\"text\"><p>Die STADE Marketing und Tourismus GmbH ist bem\u00fcht, ihre Internetseite im Einklang mit dem Nieders\u00e4chsischen Behindertengleichstellungsgesetz (NBGG) zur Umsetzung der Richtlinie (EU) 2016\/2102 des Europ\u00e4ischen Parlaments und des Rates barrierefrei zug\u00e4nglich zu machen. Die Erkl\u00e4rung zur digitalen Barrierefreiheit wird im Nieders\u00e4chsischen Behindertengleichstellungsgesetz (NBGG) verlangt.<\/p><p>Diese Erkl\u00e4rung zur Barrierefreiheit gilt f\u00fcr<br \/>die Webseite www.stade-tourismus.de sowie alle Unterseiten.<br \/><br \/>Diese Webseiten und Anwendung sind \u00fcberwiegend, aber noch nicht vollumf\u00e4nglich barrierefrei. Die Anforderungen der BITV 2.0 werden weitgehend erf\u00fcllt.<br \/><br \/><strong>Folgende Funktionen werden nach aktuellem Stand unterst\u00fctzt:<\/strong><br \/>\u2022 Ausreichende Kontraste<br \/>\u2022 Schrift\/Darstellung vergr\u00f6\u00dfern: Die Vergr\u00f6\u00dferung der Seitendarstellung mit den g\u00e4ngigen Browsern (zum Beispiel Firefox, Google Chrome, Microsoft Edge, Opera und Apple Safari) erfolgt bei Windows mit \u201eSTRG\u201c und \u201e+\u201c und bei Apple mit \u201ecmd\u201c und \u201e+\u201c.<br \/>\u2022 Schrift\/Darstellung verkleinern: Die Verkleinerung der Seitendarstellung mit den g\u00e4ngigen Browsern (zum Beispiel Firefox, Google Chrome, Microsoft Edge, Opera und Apple Safari) erfolgt bei Windows mit \u201eSTRG\u201c und \u201e-\u201c und bei Apple mit \u201ecmd\u201c und \u201e-\u201c.<br \/>\u2022 Responsive Webdesign: Die Inhalte der Webseite passen sich der Bildschirmgr\u00f6\u00dfe des genutzten Ger\u00e4ts automatisch an<br \/>\u2022 Eine browserseitige Vorlesefunktion von Texten (zum Beispiel ab Firefox 49.0) wird unterst\u00fctzt. Dar\u00fcber hinaus ist kein weiteres Vorlese-Tool vorhanden.<br \/>\u2022 Logischer Aufbau und Gliederung der Inhalte<br \/>\u2022 Einfache Sprachgestaltung der redaktionellen Inhalte<\/p><p><br \/><strong>Die nachstehend aufgef\u00fchrten Inhalte sind aus folgenden Gr\u00fcnden nicht barrierefrei:<\/strong><br \/><br \/>\u2022 In den Webauftritt eingebundene Dokumente (.pdf, .doc, etc.)<br \/><strong>Begr\u00fcndung:\u00a0<\/strong>Die gro\u00dfe Anzahl bereitgestellter Dokumente, die teilweise bereits \u00e4lteren Datum sind, hat bisher eine \u00dcbertragung in ein barrierefreies Format nicht erm\u00f6glicht. Die Anpassung der Dateien soll langfristig erfolgen.<br \/>Dokumente, die von Dritten (z.B. andere Organisationen, DMOs, Vereine, u.a.) bereitgestellt werden, liegen nicht barrierefrei vor.<br \/><br \/>\u2022 In den Webauftritt eingebundene Videos<br \/><strong>Begr\u00fcndung:\u00a0<\/strong>Die Bereitstellung der Videos mit einer Audiodeskription konnte bislang nicht realisiert werden. Auch hier ist eine Anpassung langfristig in Planung.<br \/><br \/>\u2022 Kartografie innerhalb der Webseite<br \/><strong>Begr\u00fcndung:\u00a0<\/strong>Eine kartografische Darstellung ist eine hilfreiche und sehr n\u00fctzliche Erg\u00e4nzung von Informationen. Kartografie ist dem Wesen nach eine bildliche Darstellung, die somit den Anforderungen der BITV nicht entsprechen kann.<br \/><br \/>\u2022 Hinterlegung von Alternativtexten f\u00fcr Bilder. Beim Gleiten der Maus \u00fcber ein Bild wird der Bildinhalt erl\u00e4utert. Diese Angaben werden von einer Vorlese-Software ber\u00fccksichtigt.<br \/><strong>Begr\u00fcndung:<\/strong>\u00a0Das Hinterlegen der verwendeten Bilder mit Alternativtexten konnte bislang nicht realisiert werden. Die Anpassung soll kurzfristig erfolgen.<\/p><\/div><\/div><\/div>\t\t\t\t\t\t\t\t<\/div>\n\t\t\t\t<\/div>\n\t\t\t\t<div class=\"elementor-element elementor-element-ec57a33 elementor-widget elementor-widget-heading\" data-id=\"ec57a33\" data-element_type=\"widget\" data-e-type=\"widget\" data-settings=\"{&quot;ekit_we_effect_on&quot;:&quot;none&quot;}\" data-widget_type=\"heading.default\">\n\t\t\t\t<div class=\"elementor-widget-container\">\n\t\t\t\t\t<h2 class=\"elementor-heading-title elementor-size-default\">Hinweis zur Mustererkl\u00e4rung zur Barrierefreiheit<\/h2>\t\t\t\t<\/div>\n\t\t\t\t<\/div>\n\t\t\t\t<div class=\"elementor-element elementor-element-363aabe elementor-widget elementor-widget-text-editor\" data-id=\"363aabe\" data-element_type=\"widget\" data-e-type=\"widget\" data-settings=\"{&quot;ekit_we_effect_on&quot;:&quot;none&quot;}\" data-widget_type=\"text-editor.default\">\n\t\t\t\t<div class=\"elementor-widget-container\">\n\t\t\t\t\t\t\t\t\t<p>Durchf\u00fchrungsbeschluss (EU) 2018\/1523 der Kommission vom 11. Oktober 2018 zur Festlegung einer Mustererkl\u00e4rung zur Barrierefreiheit gem\u00e4\u00df der Richtlinie (EU) 2016\/2102 des Europ\u00e4ischen Parlaments und des Rates \u00fcber den barrierefreien Zugang zu den Websites und mobilen Anwendungen \u00f6ffentlicher Stellen (Text von Bedeutung f\u00fcr den EWR.)<\/p>\t\t\t\t\t\t\t\t<\/div>\n\t\t\t\t<\/div>\n\t\t\t\t<div class=\"elementor-element elementor-element-f657b0e elementor-widget elementor-widget-heading\" data-id=\"f657b0e\" data-element_type=\"widget\" data-e-type=\"widget\" data-settings=\"{&quot;ekit_we_effect_on&quot;:&quot;none&quot;}\" data-widget_type=\"heading.default\">\n\t\t\t\t<div class=\"elementor-widget-container\">\n\t\t\t\t\t<h2 class=\"elementor-heading-title elementor-size-default\">Ihre Hinweise und Anregungen<\/h2>\t\t\t\t<\/div>\n\t\t\t\t<\/div>\n\t\t\t\t<div class=\"elementor-element elementor-element-0ea2388 elementor-widget elementor-widget-text-editor\" data-id=\"0ea2388\" data-element_type=\"widget\" data-e-type=\"widget\" data-settings=\"{&quot;ekit_we_effect_on&quot;:&quot;none&quot;}\" data-widget_type=\"text-editor.default\">\n\t\t\t\t<div class=\"elementor-widget-container\">\n\t\t\t\t\t\t\t\t\t<div class=\"text\"><p>Unser Ziel ist es, die Inhalte so zu gestalten und zu schreiben, dass sie auch von Besuchern verstanden werden, die mit der jeweiligen Thematik nicht oder nur oberfl\u00e4chlich vertraut sind. Sollten Ihnen M\u00e4ngel in Bezug auf die barrierefreie Gestaltung auffallen, kontaktieren Sie uns gerne.<\/p><p><br \/><strong>STADE Marketing und Tourismus GmbH<\/strong><br \/>Hansestra\u00dfe 16<br \/>21682 Stade<br \/>Telefon: 04141-776980<br \/>E-Mail: info@stade-tourismus.de<\/p><\/div>\t\t\t\t\t\t\t\t<\/div>\n\t\t\t\t<\/div>\n\t\t\t\t<div class=\"elementor-element elementor-element-723f089 elementor-widget elementor-widget-heading\" data-id=\"723f089\" data-element_type=\"widget\" data-e-type=\"widget\" data-settings=\"{&quot;ekit_we_effect_on&quot;:&quot;none&quot;}\" data-widget_type=\"heading.default\">\n\t\t\t\t<div class=\"elementor-widget-container\">\n\t\t\t\t\t<h2 class=\"elementor-heading-title elementor-size-default\">Schlichtungsstelle<\/h2>\t\t\t\t<\/div>\n\t\t\t\t<\/div>\n\t\t\t\t<div class=\"elementor-element elementor-element-a572b28 elementor-widget elementor-widget-text-editor\" data-id=\"a572b28\" data-element_type=\"widget\" data-e-type=\"widget\" data-settings=\"{&quot;ekit_we_effect_on&quot;:&quot;none&quot;}\" data-widget_type=\"text-editor.default\">\n\t\t\t\t<div class=\"elementor-widget-container\">\n\t\t\t\t\t\t\t\t\t<p>Das Land Niedersachsen richtet laut \u00a7 9 d, Abs. 1 NBGG eine Schlichtungsstelle bei der Landesbeauftragten f\u00fcr Menschen mit Behinderungen ein.<br \/><br \/>Schlichtungsstelle nach \u00a7 9d NBGG<br \/>im B\u00fcro der Landesbeauftragten f\u00fcr Menschen mit Behinderungen<br \/>Hannah-Arendt-Platz 2<br \/>30159 Hannover<br \/>Telefon: 0511\/120-4010<br \/>Fax: 0511\/120-99 4010<br \/>E-Mail: schlichtungsstelle@ms.niedersachsen.de<br \/>Landesbeauftragte@ms.niedersachsen.de<\/p>\t\t\t\t\t\t\t\t<\/div>\n\t\t\t\t<\/div>\n\t\t\t\t<div class=\"elementor-element elementor-element-66f9087 elementor-widget elementor-widget-heading\" data-id=\"66f9087\" data-element_type=\"widget\" data-e-type=\"widget\" data-settings=\"{&quot;ekit_we_effect_on&quot;:&quot;none&quot;}\" data-widget_type=\"heading.default\">\n\t\t\t\t<div class=\"elementor-widget-container\">\n\t\t\t\t\t<h2 class=\"elementor-heading-title elementor-size-default\">Erstellung dieser Erkl\u00e4rung zur Barrierefreiheit<\/h2>\t\t\t\t<\/div>\n\t\t\t\t<\/div>\n\t\t\t\t<div class=\"elementor-element elementor-element-414df00 elementor-widget elementor-widget-text-editor\" data-id=\"414df00\" data-element_type=\"widget\" data-e-type=\"widget\" data-settings=\"{&quot;ekit_we_effect_on&quot;:&quot;none&quot;}\" data-widget_type=\"text-editor.default\">\n\t\t\t\t<div class=\"elementor-widget-container\">\n\t\t\t\t\t\t\t\t\t<p>Diese Erkl\u00e4rung wurde am 1. August 2022 basierend auf einer Selbstbewertung erstellt.<br \/>Die Erkl\u00e4rung wurde zuletzt am 1. August 2022 \u00fcberpr\u00fcft.<\/p>\t\t\t\t\t\t\t\t<\/div>\n\t\t\t\t<\/div>\n\t\t\t\t\t<\/div>\n\t\t<\/div>\n\t\t\t\t\t<\/div>\n\t\t<\/section>\n\t\t\t\t<\/div>\n\t\t","protected":false},"excerpt":{"rendered":"<p>nordisch herzlich Erkl\u00e4rung zur Barrierefreiheit Die STADE Marketing und Tourismus GmbH ist bem\u00fcht, ihre Internetseite im Einklang mit dem Nieders\u00e4chsischen Behindertengleichstellungsgesetz (NBGG) zur Umsetzung der Richtlinie (EU) 2016\/2102 des Europ\u00e4ischen Parlaments und des Rates barrierefrei zug\u00e4nglich zu machen. Die Erkl\u00e4rung zur digitalen Barrierefreiheit wird im Nieders\u00e4chsischen Behindertengleichstellungsgesetz (NBGG) verlangt. Diese Erkl\u00e4rung zur Barrierefreiheit gilt f\u00fcrdie [&hellip;]<\/p>\n","protected":false},"author":5,"featured_media":0,"parent":8068,"menu_order":1,"comment_status":"closed","ping_status":"closed","template":"","meta":{"footnotes":""},"class_list":["post-8081","page","type-page","status-publish","hentry"],"yoast_head":"<!-- This site is optimized with the Yoast SEO plugin v27.3 - https:\/\/yoast.com\/product\/yoast-seo-wordpress\/ -->\n<title>Erkl\u00e4rung zur Barrierefreiheit - STADE Marketing und Tourismus<\/title>\n<meta name=\"description\" content=\"Die Webseiten und Anwendung der STADE Marketing und Tourismus GmbH sind \u00fcberwiegend, aber noch nicht vollumf\u00e4nglich barrierefrei.\" \/>\n<meta name=\"robots\" content=\"index, follow, max-snippet:-1, max-image-preview:large, max-video-preview:-1\" \/>\n<link rel=\"canonical\" href=\"https:\/\/stade-tourismus.de\/de\/service\/rechtliches\/erklaerung-zur-barrierefreiheit\/\" \/>\n<meta property=\"og:locale\" content=\"de_DE\" \/>\n<meta property=\"og:type\" content=\"article\" \/>\n<meta property=\"og:title\" content=\"Erkl\u00e4rung zur Barrierefreiheit - STADE Marketing und Tourismus\" \/>\n<meta property=\"og:description\" content=\"Die Webseiten und Anwendung der STADE Marketing und Tourismus GmbH sind \u00fcberwiegend, aber noch nicht vollumf\u00e4nglich barrierefrei.\" \/>\n<meta property=\"og:url\" content=\"https:\/\/stade-tourismus.de\/de\/service\/rechtliches\/erklaerung-zur-barrierefreiheit\/\" \/>\n<meta property=\"og:site_name\" content=\"STADE Marketing und Tourismus\" \/>\n<meta property=\"article:publisher\" content=\"https:\/\/www.facebook.com\/stade.tourismus\" \/>\n<meta property=\"article:modified_time\" content=\"2022-08-09T06:27:16+00:00\" \/>\n<meta property=\"og:image\" content=\"https:\/\/stade-tourismus.de\/wp-content\/uploads\/2021\/03\/logo-300b.png\" \/>\n\t<meta property=\"og:image:width\" content=\"300\" \/>\n\t<meta property=\"og:image:height\" content=\"42\" \/>\n\t<meta property=\"og:image:type\" content=\"image\/png\" \/>\n<meta name=\"twitter:card\" content=\"summary_large_image\" \/>\n<script type=\"application\/ld+json\" class=\"yoast-schema-graph\">{\"@context\":\"https:\\\/\\\/schema.org\",\"@graph\":[{\"@type\":\"WebPage\",\"@id\":\"https:\\\/\\\/stade-tourismus.de\\\/de\\\/service\\\/rechtliches\\\/erklaerung-zur-barrierefreiheit\\\/\",\"url\":\"https:\\\/\\\/stade-tourismus.de\\\/de\\\/service\\\/rechtliches\\\/erklaerung-zur-barrierefreiheit\\\/\",\"name\":\"Erkl\u00e4rung zur Barrierefreiheit - STADE Marketing und Tourismus\",\"isPartOf\":{\"@id\":\"https:\\\/\\\/stade-tourismus.de\\\/de\\\/#website\"},\"datePublished\":\"2022-01-18T11:12:17+00:00\",\"dateModified\":\"2022-08-09T06:27:16+00:00\",\"description\":\"Die Webseiten und Anwendung der STADE Marketing und Tourismus GmbH sind \u00fcberwiegend, aber noch nicht vollumf\u00e4nglich barrierefrei.\",\"breadcrumb\":{\"@id\":\"https:\\\/\\\/stade-tourismus.de\\\/de\\\/service\\\/rechtliches\\\/erklaerung-zur-barrierefreiheit\\\/#breadcrumb\"},\"inLanguage\":\"de\",\"potentialAction\":[{\"@type\":\"ReadAction\",\"target\":[\"https:\\\/\\\/stade-tourismus.de\\\/de\\\/service\\\/rechtliches\\\/erklaerung-zur-barrierefreiheit\\\/\"]}]},{\"@type\":\"BreadcrumbList\",\"@id\":\"https:\\\/\\\/stade-tourismus.de\\\/de\\\/service\\\/rechtliches\\\/erklaerung-zur-barrierefreiheit\\\/#breadcrumb\",\"itemListElement\":[{\"@type\":\"ListItem\",\"position\":1,\"name\":\"Startseite\",\"item\":\"https:\\\/\\\/stade-tourismus.de\\\/de\\\/\"},{\"@type\":\"ListItem\",\"position\":2,\"name\":\"Service\",\"item\":\"https:\\\/\\\/stade-tourismus.de\\\/de\\\/service\\\/\"},{\"@type\":\"ListItem\",\"position\":3,\"name\":\"Rechtliches\",\"item\":\"https:\\\/\\\/stade-tourismus.de\\\/de\\\/service\\\/rechtliches\\\/\"},{\"@type\":\"ListItem\",\"position\":4,\"name\":\"Erkl\u00e4rung zur Barrierefreiheit\"}]},{\"@type\":\"WebSite\",\"@id\":\"https:\\\/\\\/stade-tourismus.de\\\/de\\\/#website\",\"url\":\"https:\\\/\\\/stade-tourismus.de\\\/de\\\/\",\"name\":\"STADE Marketing und Tourismus\",\"description\":\"\",\"publisher\":{\"@id\":\"https:\\\/\\\/stade-tourismus.de\\\/de\\\/#organization\"},\"potentialAction\":[{\"@type\":\"SearchAction\",\"target\":{\"@type\":\"EntryPoint\",\"urlTemplate\":\"https:\\\/\\\/stade-tourismus.de\\\/de\\\/?s={search_term_string}\"},\"query-input\":{\"@type\":\"PropertyValueSpecification\",\"valueRequired\":true,\"valueName\":\"search_term_string\"}}],\"inLanguage\":\"de\"},{\"@type\":\"Organization\",\"@id\":\"https:\\\/\\\/stade-tourismus.de\\\/de\\\/#organization\",\"name\":\"STADE Marketing und Tourismus GmbH\",\"url\":\"https:\\\/\\\/stade-tourismus.de\\\/de\\\/\",\"logo\":{\"@type\":\"ImageObject\",\"inLanguage\":\"de\",\"@id\":\"https:\\\/\\\/stade-tourismus.de\\\/de\\\/#\\\/schema\\\/logo\\\/image\\\/\",\"url\":\"http:\\\/\\\/stadetouri.webhost.city-map.com\\\/wp-content\\\/uploads\\\/2021\\\/03\\\/logo-300b.png\",\"contentUrl\":\"http:\\\/\\\/stadetouri.webhost.city-map.com\\\/wp-content\\\/uploads\\\/2021\\\/03\\\/logo-300b.png\",\"width\":300,\"height\":42,\"caption\":\"STADE Marketing und Tourismus GmbH\"},\"image\":{\"@id\":\"https:\\\/\\\/stade-tourismus.de\\\/de\\\/#\\\/schema\\\/logo\\\/image\\\/\"},\"sameAs\":[\"https:\\\/\\\/www.facebook.com\\\/stade.tourismus\",\"https:\\\/\\\/www.instagram.com\\\/stade_frischer_wind\\\/\",\"https:\\\/\\\/www.youtube.com\\\/results?search_query=stade tourismus\"]}]}<\/script>\n<!-- \/ Yoast SEO plugin. -->","yoast_head_json":{"title":"Erkl\u00e4rung zur Barrierefreiheit - STADE Marketing und Tourismus","description":"Die Webseiten und Anwendung der STADE Marketing und Tourismus GmbH sind \u00fcberwiegend, aber noch nicht vollumf\u00e4nglich barrierefrei.","robots":{"index":"index","follow":"follow","max-snippet":"max-snippet:-1","max-image-preview":"max-image-preview:large","max-video-preview":"max-video-preview:-1"},"canonical":"https:\/\/stade-tourismus.de\/de\/service\/rechtliches\/erklaerung-zur-barrierefreiheit\/","og_locale":"de_DE","og_type":"article","og_title":"Erkl\u00e4rung zur Barrierefreiheit - STADE Marketing und Tourismus","og_description":"Die Webseiten und Anwendung der STADE Marketing und Tourismus GmbH sind \u00fcberwiegend, aber noch nicht vollumf\u00e4nglich barrierefrei.","og_url":"https:\/\/stade-tourismus.de\/de\/service\/rechtliches\/erklaerung-zur-barrierefreiheit\/","og_site_name":"STADE Marketing und Tourismus","article_publisher":"https:\/\/www.facebook.com\/stade.tourismus","article_modified_time":"2022-08-09T06:27:16+00:00","og_image":[{"width":300,"height":42,"url":"https:\/\/stade-tourismus.de\/wp-content\/uploads\/2021\/03\/logo-300b.png","type":"image\/png"}],"twitter_card":"summary_large_image","schema":{"@context":"https:\/\/schema.org","@graph":[{"@type":"WebPage","@id":"https:\/\/stade-tourismus.de\/de\/service\/rechtliches\/erklaerung-zur-barrierefreiheit\/","url":"https:\/\/stade-tourismus.de\/de\/service\/rechtliches\/erklaerung-zur-barrierefreiheit\/","name":"Erkl\u00e4rung zur Barrierefreiheit - STADE Marketing und Tourismus","isPartOf":{"@id":"https:\/\/stade-tourismus.de\/de\/#website"},"datePublished":"2022-01-18T11:12:17+00:00","dateModified":"2022-08-09T06:27:16+00:00","description":"Die Webseiten und Anwendung der STADE Marketing und Tourismus GmbH sind \u00fcberwiegend, aber noch nicht vollumf\u00e4nglich barrierefrei.","breadcrumb":{"@id":"https:\/\/stade-tourismus.de\/de\/service\/rechtliches\/erklaerung-zur-barrierefreiheit\/#breadcrumb"},"inLanguage":"de","potentialAction":[{"@type":"ReadAction","target":["https:\/\/stade-tourismus.de\/de\/service\/rechtliches\/erklaerung-zur-barrierefreiheit\/"]}]},{"@type":"BreadcrumbList","@id":"https:\/\/stade-tourismus.de\/de\/service\/rechtliches\/erklaerung-zur-barrierefreiheit\/#breadcrumb","itemListElement":[{"@type":"ListItem","position":1,"name":"Startseite","item":"https:\/\/stade-tourismus.de\/de\/"},{"@type":"ListItem","position":2,"name":"Service","item":"https:\/\/stade-tourismus.de\/de\/service\/"},{"@type":"ListItem","position":3,"name":"Rechtliches","item":"https:\/\/stade-tourismus.de\/de\/service\/rechtliches\/"},{"@type":"ListItem","position":4,"name":"Erkl\u00e4rung zur Barrierefreiheit"}]},{"@type":"WebSite","@id":"https:\/\/stade-tourismus.de\/de\/#website","url":"https:\/\/stade-tourismus.de\/de\/","name":"STADE Marketing und Tourismus","description":"","publisher":{"@id":"https:\/\/stade-tourismus.de\/de\/#organization"},"potentialAction":[{"@type":"SearchAction","target":{"@type":"EntryPoint","urlTemplate":"https:\/\/stade-tourismus.de\/de\/?s={search_term_string}"},"query-input":{"@type":"PropertyValueSpecification","valueRequired":true,"valueName":"search_term_string"}}],"inLanguage":"de"},{"@type":"Organization","@id":"https:\/\/stade-tourismus.de\/de\/#organization","name":"STADE Marketing und Tourismus GmbH","url":"https:\/\/stade-tourismus.de\/de\/","logo":{"@type":"ImageObject","inLanguage":"de","@id":"https:\/\/stade-tourismus.de\/de\/#\/schema\/logo\/image\/","url":"http:\/\/stadetouri.webhost.city-map.com\/wp-content\/uploads\/2021\/03\/logo-300b.png","contentUrl":"http:\/\/stadetouri.webhost.city-map.com\/wp-content\/uploads\/2021\/03\/logo-300b.png","width":300,"height":42,"caption":"STADE Marketing und Tourismus GmbH"},"image":{"@id":"https:\/\/stade-tourismus.de\/de\/#\/schema\/logo\/image\/"},"sameAs":["https:\/\/www.facebook.com\/stade.tourismus","https:\/\/www.instagram.com\/stade_frischer_wind\/","https:\/\/www.youtube.com\/results?search_query=stade tourismus"]}]}},"_links":{"self":[{"href":"https:\/\/stade-tourismus.de\/de\/wp-json\/wp\/v2\/pages\/8081","targetHints":{"allow":["GET"]}}],"collection":[{"href":"https:\/\/stade-tourismus.de\/de\/wp-json\/wp\/v2\/pages"}],"about":[{"href":"https:\/\/stade-tourismus.de\/de\/wp-json\/wp\/v2\/types\/page"}],"author":[{"embeddable":true,"href":"https:\/\/stade-tourismus.de\/de\/wp-json\/wp\/v2\/users\/5"}],"replies":[{"embeddable":true,"href":"https:\/\/stade-tourismus.de\/de\/wp-json\/wp\/v2\/comments?post=8081"}],"version-history":[{"count":0,"href":"https:\/\/stade-tourismus.de\/de\/wp-json\/wp\/v2\/pages\/8081\/revisions"}],"up":[{"embeddable":true,"href":"https:\/\/stade-tourismus.de\/de\/wp-json\/wp\/v2\/pages\/8068"}],"wp:attachment":[{"href":"https:\/\/stade-tourismus.de\/de\/wp-json\/wp\/v2\/media?parent=8081"}],"curies":[{"name":"wp","href":"https:\/\/api.w.org\/{rel}","templated":true}]}}