{"id":9961,"date":"2022-03-01T11:22:28","date_gmt":"2022-03-01T10:22:42","guid":{"rendered":"https:\/\/stadetouri.webhost.city-map.com\/?page_id=9961"},"modified":"2023-05-03T12:00:47","modified_gmt":"2023-05-03T10:00:47","slug":"was-ist-los-in-stade","status":"publish","type":"page","link":"https:\/\/stade-tourismus.de\/de\/veranstaltungen-stade\/was-ist-los-in-stade\/","title":{"rendered":"Was ist los in Stade?"},"content":{"rendered":"\t\t<div data-elementor-type=\"wp-page\" data-elementor-id=\"9961\" class=\"elementor elementor-9961\" data-elementor-post-type=\"page\">\n\t\t\t\t\t\t<section class=\"elementor-section elementor-top-section elementor-element elementor-element-75362ba0 elementor-section-height-min-height elementor-section-boxed elementor-section-height-default elementor-section-items-middle\" data-id=\"75362ba0\" data-element_type=\"section\" data-e-type=\"section\" data-settings=\"{&quot;background_background&quot;:&quot;classic&quot;,&quot;ekit_has_onepagescroll_dot&quot;:&quot;yes&quot;}\">\n\t\t\t\t\t\t\t<div class=\"elementor-background-overlay\"><\/div>\n\t\t\t\t\t\t\t<div class=\"elementor-container elementor-column-gap-default\">\n\t\t\t\t\t<div class=\"elementor-column elementor-col-100 elementor-top-column elementor-element elementor-element-1e43fded\" data-id=\"1e43fded\" data-element_type=\"column\" data-e-type=\"column\">\n\t\t\t<div class=\"elementor-widget-wrap elementor-element-populated\">\n\t\t\t\t\t\t<div class=\"elementor-element elementor-element-37eabf7b elementor-widget elementor-widget-heading\" data-id=\"37eabf7b\" data-element_type=\"widget\" data-e-type=\"widget\" data-settings=\"{&quot;ekit_we_effect_on&quot;:&quot;none&quot;}\" data-widget_type=\"heading.default\">\n\t\t\t\t<div class=\"elementor-widget-container\">\n\t\t\t\t\t<h3 class=\"elementor-heading-title elementor-size-default\">famili\u00e4r <br>gesellig<\/h3>\t\t\t\t<\/div>\n\t\t\t\t<\/div>\n\t\t\t\t\t<\/div>\n\t\t<\/div>\n\t\t\t\t\t<\/div>\n\t\t<\/section>\n\t\t\t\t<section class=\"elementor-section elementor-top-section elementor-element elementor-element-134b6262 elementor-section-boxed elementor-section-height-default elementor-section-height-default\" data-id=\"134b6262\" data-element_type=\"section\" data-e-type=\"section\" data-settings=\"{&quot;ekit_has_onepagescroll_dot&quot;:&quot;yes&quot;}\">\n\t\t\t\t\t\t<div class=\"elementor-container elementor-column-gap-no\">\n\t\t\t\t\t<div class=\"elementor-column elementor-col-100 elementor-top-column elementor-element elementor-element-435a99cd\" data-id=\"435a99cd\" data-element_type=\"column\" data-e-type=\"column\">\n\t\t\t<div class=\"elementor-widget-wrap elementor-element-populated\">\n\t\t\t\t\t\t<div class=\"elementor-element elementor-element-1e3b4e43 elementor-widget elementor-widget-breadcrumbs\" data-id=\"1e3b4e43\" data-element_type=\"widget\" data-e-type=\"widget\" data-settings=\"{&quot;ekit_we_effect_on&quot;:&quot;none&quot;}\" data-widget_type=\"breadcrumbs.default\">\n\t\t\t\t<div class=\"elementor-widget-container\">\n\t\t\t\t\t<p id=\"breadcrumbs\"><span><span><a href=\"https:\/\/stade-tourismus.de\/de\/\">Startseite<\/a><\/span><\/span><\/p>\t\t\t\t<\/div>\n\t\t\t\t<\/div>\n\t\t\t\t<section class=\"elementor-section elementor-inner-section elementor-element elementor-element-6f5c2333 hdln--section elementor-section-boxed elementor-section-height-default elementor-section-height-default\" data-id=\"6f5c2333\" data-element_type=\"section\" data-e-type=\"section\" data-settings=\"{&quot;ekit_has_onepagescroll_dot&quot;:&quot;yes&quot;}\">\n\t\t\t\t\t\t<div class=\"elementor-container elementor-column-gap-default\">\n\t\t\t\t\t<div class=\"elementor-column elementor-col-100 elementor-inner-column elementor-element elementor-element-41c1ef15\" data-id=\"41c1ef15\" data-element_type=\"column\" data-e-type=\"column\">\n\t\t\t<div class=\"elementor-widget-wrap elementor-element-populated\">\n\t\t\t\t\t\t<div class=\"elementor-element elementor-element-3c823c53 elementor-widget elementor-widget-heading\" data-id=\"3c823c53\" data-element_type=\"widget\" data-e-type=\"widget\" data-settings=\"{&quot;ekit_we_effect_on&quot;:&quot;none&quot;}\" data-widget_type=\"heading.default\">\n\t\t\t\t<div class=\"elementor-widget-container\">\n\t\t\t\t\t<h1 class=\"elementor-heading-title elementor-size-default\">Was ist los in Stade?<\/h1>\t\t\t\t<\/div>\n\t\t\t\t<\/div>\n\t\t\t\t<div class=\"elementor-element elementor-element-3ab305dd elementor-widget elementor-widget-heading\" data-id=\"3ab305dd\" data-element_type=\"widget\" data-e-type=\"widget\" data-settings=\"{&quot;ekit_we_effect_on&quot;:&quot;none&quot;}\" data-widget_type=\"heading.default\">\n\t\t\t\t<div class=\"elementor-widget-container\">\n\t\t\t\t\t<h3 class=\"elementor-heading-title elementor-size-default\">Der Veranstaltungskalender der Hansestadt<\/h3>\t\t\t\t<\/div>\n\t\t\t\t<\/div>\n\t\t\t\t\t<\/div>\n\t\t<\/div>\n\t\t\t\t\t<\/div>\n\t\t<\/section>\n\t\t\t\t\t<\/div>\n\t\t<\/div>\n\t\t\t\t\t<\/div>\n\t\t<\/section>\n\t\t\t\t<section class=\"elementor-section elementor-top-section elementor-element elementor-element-2e227bc elementor-section-full_width elementor-section-height-default elementor-section-height-default\" data-id=\"2e227bc\" data-element_type=\"section\" data-e-type=\"section\" data-settings=\"{&quot;ekit_has_onepagescroll_dot&quot;:&quot;yes&quot;}\">\n\t\t\t\t\t\t<div class=\"elementor-container elementor-column-gap-no\">\n\t\t\t\t\t<div class=\"elementor-column elementor-col-100 elementor-top-column elementor-element elementor-element-f193c49\" data-id=\"f193c49\" data-element_type=\"column\" data-e-type=\"column\">\n\t\t\t<div class=\"elementor-widget-wrap elementor-element-populated\">\n\t\t\t\t\t\t<div class=\"elementor-element elementor-element-4b8de5a elementor-hidden-desktop elementor-hidden-tablet elementor-hidden-mobile elementor-widget elementor-widget-code-highlight\" data-id=\"4b8de5a\" data-element_type=\"widget\" data-e-type=\"widget\" data-settings=\"{&quot;ekit_we_effect_on&quot;:&quot;none&quot;}\" data-widget_type=\"code-highlight.default\">\n\t\t\t\t<div class=\"elementor-widget-container\">\n\t\t\t\t\t\t\t<div class=\"prismjs-default copy-to-clipboard \">\n\t\t\t<pre data-line=\"\" class=\"highlight-height language-javascript line-numbers\">\n\t\t\t\t<code readonly=\"true\" class=\"language-javascript\">\n\t\t\t\t\t<xmp><script>\r\nwindow.dw = window.dw || function () { (dw.q = dw.q || []).push(arguments) };\r\ndw('settings','38395bd2-adf7-45fe-93ce-a62c2addc169',\r\n{   \r\n\t\"lang\": 'de',\r\n\t\"context\": {\r\n\t\t\t   \"linkKey\": \"stade\",\r\n\t\t\t   \"targetRoute\":[\r\n\t\t\t   \"\/veranstaltungen\"\r\n\t\t\t\t]\r\n\t},                     \r\n\t\"target\": \"veranstaltungen\",\r\n\t\"profileOverrides\" : [\r\n        \"general.pageTitle=[{'lang': 'de','value': 'Was ist los in Stade? - STADE Marketing und Tourismus'}]\"\r\n    ],\r\n\t\"allowScrollOnApplicationStart\" : false,\r\n\t\"styleResources\":[\r\n\t'https:\/\/stade-tourismus.de\/wp-content\/uploads\/custom-css-js\/10030.css'\r\n\t],\r\n\t\"loadingAnimationColor\": {\r\n\t\t\"main\": '#004F9F',\r\n\t\t\"alt\": '#d2d2d2'\r\n    }\r\n});\r\n<\/script>\r\n<script async src=\"https:\/\/resc.deskline.net\/DW5\/start\/STADE\/38395bd2-adf7-45fe-93ce-a62c2addc169\/index.js\"><\/script><\/xmp>\n\t\t\t\t<\/code>\n\t\t\t<\/pre>\n\t\t<\/div>\n\t\t\t\t\t\t<\/div>\n\t\t\t\t<\/div>\n\t\t\t\t<div class=\"elementor-element elementor-element-18e58d6 elementor-widget elementor-widget-html\" data-id=\"18e58d6\" data-element_type=\"widget\" data-e-type=\"widget\" data-settings=\"{&quot;ekit_we_effect_on&quot;:&quot;none&quot;}\" data-widget_type=\"html.default\">\n\t\t\t\t<div class=\"elementor-widget-container\">\n\t\t\t\t\t<div style=\"min-height: 500px\" id=\"tosc5stdelbe\"><\/div>\r\n\r\n<!-- TOSC5 Implementation Anfang -->\r\n<script>\r\nwindow.dw = window.dw || function () {(dw.q = dw.q || []).push(arguments)};\r\ndw('settings','ac7c4c82-ea48-4050-beee-f5c5ab97bd2d', {\r\n\t\"context\": {\r\n\t\t\"targetRoute\":[\r\n\t\t\t\"\/veranstaltungen\"\r\n\t\t]\r\n\t},\r\n\t\"lang\": 'de',\r\n\t\"target\": \"tosc5stdelbe\",\r\n\t\"styleResources\":[\r\n\t'https:\/\/stade-tourismus.de\/wp-content\/uploads\/custom-css-js\/10030.css'\r\n\t],\r\n\t\"loadingAnimationColor\": {\r\n\t\t\"main\": '#004F9F',\r\n\t\t\"alt\": '#d2d2d2'\r\n    }\r\n});\r\n<\/script>\r\n<script async src=\"https:\/\/resc.deskline.net\/DW5\/start\/STADE\/ac7c4c82-ea48-4050-beee-f5c5ab97bd2d\/index.js\"><\/script>\t\t\t\t<\/div>\n\t\t\t\t<\/div>\n\t\t\t\t\t<\/div>\n\t\t<\/div>\n\t\t\t\t\t<\/div>\n\t\t<\/section>\n\t\t\t\t<\/div>\n\t\t","protected":false},"excerpt":{"rendered":"<p>In Stade kann jede Menge erlebt werden. Veranstaltungen, Konzerte oder auch Wochenm\u00e4rkte finden regelm\u00e4\u00dfig in der Hansestadt stade statt.<\/p>\n","protected":false},"author":1,"featured_media":0,"parent":4185,"menu_order":0,"comment_status":"closed","ping_status":"closed","template":"","meta":{"footnotes":""},"class_list":["post-9961","page","type-page","status-publish","hentry"],"yoast_head":"<!-- This site is optimized with the Yoast SEO plugin v27.3 - https:\/\/yoast.com\/product\/yoast-seo-wordpress\/ -->\n<title>Was ist los in Stade? - STADE Marketing und Tourismus<\/title>\n<meta name=\"description\" content=\"In Stade kann jede Menge erlebt werden. Veranstaltungen, Konzerte oder auch Wochenm\u00e4rkte finden regelm\u00e4\u00dfig in der Hansestadt stade statt.\" \/>\n<meta name=\"robots\" content=\"index, follow, max-snippet:-1, max-image-preview:large, max-video-preview:-1\" \/>\n<link rel=\"canonical\" href=\"https:\/\/stade-tourismus.de\/de\/veranstaltungen-stade\/was-ist-los-in-stade\/\" \/>\n<meta property=\"og:locale\" content=\"de_DE\" \/>\n<meta property=\"og:type\" content=\"article\" \/>\n<meta property=\"og:title\" content=\"Was ist los in Stade? - STADE Marketing und Tourismus\" \/>\n<meta property=\"og:description\" content=\"In Stade kann jede Menge erlebt werden. Veranstaltungen, Konzerte oder auch Wochenm\u00e4rkte finden regelm\u00e4\u00dfig in der Hansestadt stade statt.\" \/>\n<meta property=\"og:url\" content=\"https:\/\/stade-tourismus.de\/de\/veranstaltungen-stade\/was-ist-los-in-stade\/\" \/>\n<meta property=\"og:site_name\" content=\"STADE Marketing und Tourismus\" \/>\n<meta property=\"article:publisher\" content=\"https:\/\/www.facebook.com\/stade.tourismus\" \/>\n<meta property=\"article:modified_time\" content=\"2023-05-03T10:00:47+00:00\" \/>\n<meta property=\"og:image\" content=\"https:\/\/stade-tourismus.de\/wp-content\/uploads\/2021\/03\/logo-300b.png\" \/>\n\t<meta property=\"og:image:width\" content=\"300\" \/>\n\t<meta property=\"og:image:height\" content=\"42\" \/>\n\t<meta property=\"og:image:type\" content=\"image\/png\" \/>\n<meta name=\"twitter:card\" content=\"summary_large_image\" \/>\n<script type=\"application\/ld+json\" class=\"yoast-schema-graph\">{\"@context\":\"https:\\\/\\\/schema.org\",\"@graph\":[{\"@type\":\"WebPage\",\"@id\":\"https:\\\/\\\/stade-tourismus.de\\\/de\\\/veranstaltungen-stade\\\/was-ist-los-in-stade\\\/\",\"url\":\"https:\\\/\\\/stade-tourismus.de\\\/de\\\/veranstaltungen-stade\\\/was-ist-los-in-stade\\\/\",\"name\":\"Was ist los in Stade? - STADE Marketing und Tourismus\",\"isPartOf\":{\"@id\":\"https:\\\/\\\/stade-tourismus.de\\\/de\\\/#website\"},\"datePublished\":\"2022-03-01T10:22:42+00:00\",\"dateModified\":\"2023-05-03T10:00:47+00:00\",\"description\":\"In Stade kann jede Menge erlebt werden. Veranstaltungen, Konzerte oder auch Wochenm\u00e4rkte finden regelm\u00e4\u00dfig in der Hansestadt stade statt.\",\"breadcrumb\":{\"@id\":\"https:\\\/\\\/stade-tourismus.de\\\/de\\\/veranstaltungen-stade\\\/was-ist-los-in-stade\\\/#breadcrumb\"},\"inLanguage\":\"de\",\"potentialAction\":[{\"@type\":\"ReadAction\",\"target\":[\"https:\\\/\\\/stade-tourismus.de\\\/de\\\/veranstaltungen-stade\\\/was-ist-los-in-stade\\\/\"]}]},{\"@type\":\"BreadcrumbList\",\"@id\":\"https:\\\/\\\/stade-tourismus.de\\\/de\\\/veranstaltungen-stade\\\/was-ist-los-in-stade\\\/#breadcrumb\",\"itemListElement\":[{\"@type\":\"ListItem\",\"position\":1,\"name\":\"Startseite\",\"item\":\"https:\\\/\\\/stade-tourismus.de\\\/de\\\/\"},{\"@type\":\"ListItem\",\"position\":2,\"name\":\"Veranstaltungen\",\"item\":\"https:\\\/\\\/stade-tourismus.de\\\/de\\\/veranstaltungen-stade\\\/\"},{\"@type\":\"ListItem\",\"position\":3,\"name\":\"Was ist los in Stade?\"}]},{\"@type\":\"WebSite\",\"@id\":\"https:\\\/\\\/stade-tourismus.de\\\/de\\\/#website\",\"url\":\"https:\\\/\\\/stade-tourismus.de\\\/de\\\/\",\"name\":\"STADE Marketing und Tourismus\",\"description\":\"\",\"publisher\":{\"@id\":\"https:\\\/\\\/stade-tourismus.de\\\/de\\\/#organization\"},\"potentialAction\":[{\"@type\":\"SearchAction\",\"target\":{\"@type\":\"EntryPoint\",\"urlTemplate\":\"https:\\\/\\\/stade-tourismus.de\\\/de\\\/?s={search_term_string}\"},\"query-input\":{\"@type\":\"PropertyValueSpecification\",\"valueRequired\":true,\"valueName\":\"search_term_string\"}}],\"inLanguage\":\"de\"},{\"@type\":\"Organization\",\"@id\":\"https:\\\/\\\/stade-tourismus.de\\\/de\\\/#organization\",\"name\":\"STADE Marketing und Tourismus GmbH\",\"url\":\"https:\\\/\\\/stade-tourismus.de\\\/de\\\/\",\"logo\":{\"@type\":\"ImageObject\",\"inLanguage\":\"de\",\"@id\":\"https:\\\/\\\/stade-tourismus.de\\\/de\\\/#\\\/schema\\\/logo\\\/image\\\/\",\"url\":\"http:\\\/\\\/stadetouri.webhost.city-map.com\\\/wp-content\\\/uploads\\\/2021\\\/03\\\/logo-300b.png\",\"contentUrl\":\"http:\\\/\\\/stadetouri.webhost.city-map.com\\\/wp-content\\\/uploads\\\/2021\\\/03\\\/logo-300b.png\",\"width\":300,\"height\":42,\"caption\":\"STADE Marketing und Tourismus GmbH\"},\"image\":{\"@id\":\"https:\\\/\\\/stade-tourismus.de\\\/de\\\/#\\\/schema\\\/logo\\\/image\\\/\"},\"sameAs\":[\"https:\\\/\\\/www.facebook.com\\\/stade.tourismus\",\"https:\\\/\\\/www.instagram.com\\\/stade_frischer_wind\\\/\",\"https:\\\/\\\/www.youtube.com\\\/results?search_query=stade tourismus\"]}]}<\/script>\n<!-- \/ Yoast SEO plugin. -->","yoast_head_json":{"title":"Was ist los in Stade? - STADE Marketing und Tourismus","description":"In Stade kann jede Menge erlebt werden. Veranstaltungen, Konzerte oder auch Wochenm\u00e4rkte finden regelm\u00e4\u00dfig in der Hansestadt stade statt.","robots":{"index":"index","follow":"follow","max-snippet":"max-snippet:-1","max-image-preview":"max-image-preview:large","max-video-preview":"max-video-preview:-1"},"canonical":"https:\/\/stade-tourismus.de\/de\/veranstaltungen-stade\/was-ist-los-in-stade\/","og_locale":"de_DE","og_type":"article","og_title":"Was ist los in Stade? - STADE Marketing und Tourismus","og_description":"In Stade kann jede Menge erlebt werden. Veranstaltungen, Konzerte oder auch Wochenm\u00e4rkte finden regelm\u00e4\u00dfig in der Hansestadt stade statt.","og_url":"https:\/\/stade-tourismus.de\/de\/veranstaltungen-stade\/was-ist-los-in-stade\/","og_site_name":"STADE Marketing und Tourismus","article_publisher":"https:\/\/www.facebook.com\/stade.tourismus","article_modified_time":"2023-05-03T10:00:47+00:00","og_image":[{"width":300,"height":42,"url":"https:\/\/stade-tourismus.de\/wp-content\/uploads\/2021\/03\/logo-300b.png","type":"image\/png"}],"twitter_card":"summary_large_image","schema":{"@context":"https:\/\/schema.org","@graph":[{"@type":"WebPage","@id":"https:\/\/stade-tourismus.de\/de\/veranstaltungen-stade\/was-ist-los-in-stade\/","url":"https:\/\/stade-tourismus.de\/de\/veranstaltungen-stade\/was-ist-los-in-stade\/","name":"Was ist los in Stade? - STADE Marketing und Tourismus","isPartOf":{"@id":"https:\/\/stade-tourismus.de\/de\/#website"},"datePublished":"2022-03-01T10:22:42+00:00","dateModified":"2023-05-03T10:00:47+00:00","description":"In Stade kann jede Menge erlebt werden. Veranstaltungen, Konzerte oder auch Wochenm\u00e4rkte finden regelm\u00e4\u00dfig in der Hansestadt stade statt.","breadcrumb":{"@id":"https:\/\/stade-tourismus.de\/de\/veranstaltungen-stade\/was-ist-los-in-stade\/#breadcrumb"},"inLanguage":"de","potentialAction":[{"@type":"ReadAction","target":["https:\/\/stade-tourismus.de\/de\/veranstaltungen-stade\/was-ist-los-in-stade\/"]}]},{"@type":"BreadcrumbList","@id":"https:\/\/stade-tourismus.de\/de\/veranstaltungen-stade\/was-ist-los-in-stade\/#breadcrumb","itemListElement":[{"@type":"ListItem","position":1,"name":"Startseite","item":"https:\/\/stade-tourismus.de\/de\/"},{"@type":"ListItem","position":2,"name":"Veranstaltungen","item":"https:\/\/stade-tourismus.de\/de\/veranstaltungen-stade\/"},{"@type":"ListItem","position":3,"name":"Was ist los in Stade?"}]},{"@type":"WebSite","@id":"https:\/\/stade-tourismus.de\/de\/#website","url":"https:\/\/stade-tourismus.de\/de\/","name":"STADE Marketing und Tourismus","description":"","publisher":{"@id":"https:\/\/stade-tourismus.de\/de\/#organization"},"potentialAction":[{"@type":"SearchAction","target":{"@type":"EntryPoint","urlTemplate":"https:\/\/stade-tourismus.de\/de\/?s={search_term_string}"},"query-input":{"@type":"PropertyValueSpecification","valueRequired":true,"valueName":"search_term_string"}}],"inLanguage":"de"},{"@type":"Organization","@id":"https:\/\/stade-tourismus.de\/de\/#organization","name":"STADE Marketing und Tourismus GmbH","url":"https:\/\/stade-tourismus.de\/de\/","logo":{"@type":"ImageObject","inLanguage":"de","@id":"https:\/\/stade-tourismus.de\/de\/#\/schema\/logo\/image\/","url":"http:\/\/stadetouri.webhost.city-map.com\/wp-content\/uploads\/2021\/03\/logo-300b.png","contentUrl":"http:\/\/stadetouri.webhost.city-map.com\/wp-content\/uploads\/2021\/03\/logo-300b.png","width":300,"height":42,"caption":"STADE Marketing und Tourismus GmbH"},"image":{"@id":"https:\/\/stade-tourismus.de\/de\/#\/schema\/logo\/image\/"},"sameAs":["https:\/\/www.facebook.com\/stade.tourismus","https:\/\/www.instagram.com\/stade_frischer_wind\/","https:\/\/www.youtube.com\/results?search_query=stade tourismus"]}]}},"_links":{"self":[{"href":"https:\/\/stade-tourismus.de\/de\/wp-json\/wp\/v2\/pages\/9961","targetHints":{"allow":["GET"]}}],"collection":[{"href":"https:\/\/stade-tourismus.de\/de\/wp-json\/wp\/v2\/pages"}],"about":[{"href":"https:\/\/stade-tourismus.de\/de\/wp-json\/wp\/v2\/types\/page"}],"author":[{"embeddable":true,"href":"https:\/\/stade-tourismus.de\/de\/wp-json\/wp\/v2\/users\/1"}],"replies":[{"embeddable":true,"href":"https:\/\/stade-tourismus.de\/de\/wp-json\/wp\/v2\/comments?post=9961"}],"version-history":[{"count":0,"href":"https:\/\/stade-tourismus.de\/de\/wp-json\/wp\/v2\/pages\/9961\/revisions"}],"up":[{"embeddable":true,"href":"https:\/\/stade-tourismus.de\/de\/wp-json\/wp\/v2\/pages\/4185"}],"wp:attachment":[{"href":"https:\/\/stade-tourismus.de\/de\/wp-json\/wp\/v2\/media?parent=9961"}],"curies":[{"name":"wp","href":"https:\/\/api.w.org\/{rel}","templated":true}]}}