{"id":36628,"date":"2024-05-29T14:04:55","date_gmt":"2024-05-29T12:04:55","guid":{"rendered":"https:\/\/stade-tourismus.de\/service\/legal-matters\/legal-notice\/"},"modified":"2024-07-12T13:11:30","modified_gmt":"2024-07-12T11:11:30","slug":"legal-notice","status":"publish","type":"page","link":"https:\/\/stade-tourismus.de\/en\/service\/legal-matters\/legal-notice\/","title":{"rendered":"Legal notice"},"content":{"rendered":"\t\t<div data-elementor-type=\"wp-page\" data-elementor-id=\"36628\" class=\"elementor elementor-36628 elementor-2166\" data-elementor-post-type=\"page\">\n\t\t\t\t\t\t<section class=\"elementor-section elementor-top-section elementor-element elementor-element-37f422cf elementor-section-height-min-height elementor-section-boxed elementor-section-height-default elementor-section-items-middle\" data-id=\"37f422cf\" data-element_type=\"section\" data-e-type=\"section\" data-settings=\"{&quot;background_background&quot;:&quot;classic&quot;,&quot;ekit_has_onepagescroll_dot&quot;:&quot;yes&quot;}\">\n\t\t\t\t\t\t\t<div class=\"elementor-background-overlay\"><\/div>\n\t\t\t\t\t\t\t<div class=\"elementor-container elementor-column-gap-default\">\n\t\t\t\t\t<div class=\"elementor-column elementor-col-100 elementor-top-column elementor-element elementor-element-7e59b2ff\" data-id=\"7e59b2ff\" data-element_type=\"column\" data-e-type=\"column\">\n\t\t\t<div class=\"elementor-widget-wrap elementor-element-populated\">\n\t\t\t\t\t\t<div class=\"elementor-element elementor-element-4c1af9a1 elementor-widget elementor-widget-heading\" data-id=\"4c1af9a1\" data-element_type=\"widget\" data-e-type=\"widget\" data-settings=\"{&quot;ekit_we_effect_on&quot;:&quot;none&quot;}\" data-widget_type=\"heading.default\">\n\t\t\t\t<div class=\"elementor-widget-container\">\n\t\t\t\t\t<h3 class=\"elementor-heading-title elementor-size-default\">nordic <br>heartfelt<\/h3>\t\t\t\t<\/div>\n\t\t\t\t<\/div>\n\t\t\t\t\t<\/div>\n\t\t<\/div>\n\t\t\t\t\t<\/div>\n\t\t<\/section>\n\t\t\t\t<section class=\"elementor-section elementor-top-section elementor-element elementor-element-67508d57 elementor-section-boxed elementor-section-height-default elementor-section-height-default\" data-id=\"67508d57\" data-element_type=\"section\" data-e-type=\"section\" data-settings=\"{&quot;ekit_has_onepagescroll_dot&quot;:&quot;yes&quot;}\">\n\t\t\t\t\t\t<div class=\"elementor-container elementor-column-gap-no\">\n\t\t\t\t\t<div class=\"elementor-column elementor-col-100 elementor-top-column elementor-element elementor-element-61deff23\" data-id=\"61deff23\" data-element_type=\"column\" data-e-type=\"column\">\n\t\t\t<div class=\"elementor-widget-wrap elementor-element-populated\">\n\t\t\t\t\t\t<div class=\"elementor-element elementor-element-11214291 elementor-widget elementor-widget-breadcrumbs\" data-id=\"11214291\" data-element_type=\"widget\" data-e-type=\"widget\" data-settings=\"{&quot;ekit_we_effect_on&quot;:&quot;none&quot;}\" data-widget_type=\"breadcrumbs.default\">\n\t\t\t\t<div class=\"elementor-widget-container\">\n\t\t\t\t\t<p id=\"breadcrumbs\"><span><span><a href=\"https:\/\/stade-tourismus.de\/en\/\">Startseite<\/a><\/span><\/span><\/p>\t\t\t\t<\/div>\n\t\t\t\t<\/div>\n\t\t\t\t<section class=\"elementor-section elementor-inner-section elementor-element elementor-element-4ad9 hdln--section elementor-section-boxed elementor-section-height-default elementor-section-height-default\" data-id=\"4ad9\" data-element_type=\"section\" data-e-type=\"section\" data-settings=\"{&quot;ekit_has_onepagescroll_dot&quot;:&quot;yes&quot;}\">\n\t\t\t\t\t\t<div class=\"elementor-container elementor-column-gap-default\">\n\t\t\t\t\t<div class=\"elementor-column elementor-col-100 elementor-inner-column elementor-element elementor-element-361d3a7c\" data-id=\"361d3a7c\" data-element_type=\"column\" data-e-type=\"column\">\n\t\t\t<div class=\"elementor-widget-wrap elementor-element-populated\">\n\t\t\t\t\t\t<div class=\"elementor-element elementor-element-6538b8e elementor-widget elementor-widget-heading\" data-id=\"6538b8e\" data-element_type=\"widget\" data-e-type=\"widget\" data-settings=\"{&quot;ekit_we_effect_on&quot;:&quot;none&quot;}\" data-widget_type=\"heading.default\">\n\t\t\t\t<div class=\"elementor-widget-container\">\n\t\t\t\t\t<h1 class=\"elementor-heading-title elementor-size-default\">Legal notice<\/h1>\t\t\t\t<\/div>\n\t\t\t\t<\/div>\n\t\t\t\t\t<\/div>\n\t\t<\/div>\n\t\t\t\t\t<\/div>\n\t\t<\/section>\n\t\t\t\t\t<\/div>\n\t\t<\/div>\n\t\t\t\t\t<\/div>\n\t\t<\/section>\n\t\t\t\t<section class=\"elementor-section elementor-top-section elementor-element elementor-element-2101b63 elementor-section-boxed elementor-section-height-default elementor-section-height-default\" data-id=\"2101b63\" data-element_type=\"section\" data-e-type=\"section\" data-settings=\"{&quot;ekit_has_onepagescroll_dot&quot;:&quot;yes&quot;}\">\n\t\t\t\t\t\t<div class=\"elementor-container elementor-column-gap-default\">\n\t\t\t\t\t<div class=\"elementor-column elementor-col-100 elementor-top-column elementor-element elementor-element-4928df7\" data-id=\"4928df7\" data-element_type=\"column\" data-e-type=\"column\">\n\t\t\t<div class=\"elementor-widget-wrap elementor-element-populated\">\n\t\t\t\t\t\t<div class=\"elementor-element elementor-element-a41a16f elementor-widget elementor-widget-text-editor\" data-id=\"a41a16f\" data-element_type=\"widget\" data-e-type=\"widget\" data-settings=\"{&quot;ekit_we_effect_on&quot;:&quot;none&quot;}\" data-widget_type=\"text-editor.default\">\n\t\t\t\t<div class=\"elementor-widget-container\">\n\t\t\t\t\t\t\t\t\t<h2><strong>Information according to \u00a7 5 TMG<\/strong><\/h2>\n<p>STADE Marketing and Tourismus GmbH<br \/>\nHansestra\u00dfe 16<br \/>\n21682 Stade<\/p>\n<p>Commercial register: HRB 100476<br \/>\nRegister court: Local court Tostedt<\/p>\n<p><strong>Represented by:<\/strong><br \/>\nDr Andreas Sch\u00e4fer<\/p>\n<p><strong>Chairman of the Supervisory Board:<\/strong><br \/>\nS\u00f6nke Hartlef<\/p>\n<p>&nbsp;<\/p>\n<h2>Contact<\/h2>\n<p>Phone: (0 41 41) 77698 &#8211; 0<br \/>\nFax: (0 41 41) 77698 &#8211; 30<br \/>\nE-mail: info@stade-tourismus.de<\/p>\n<p>&nbsp;<\/p>\n<h2>Sales tax ID<\/h2>\n<p>Sales tax identification number according to \u00a7 27 a sales tax law:<br \/>\nDE295878950<\/p>\n<p>&nbsp;<\/p>\n<h2>Editorial responsibility<\/h2>\n<p>Dr Andreas Sch\u00e4fer<br \/>\nSTADE Marketing and Tourismus GmbH<br \/>\nHansestra\u00dfe 16<br \/>\n21682 Stade<\/p>\n<p>&nbsp;<\/p>\n<h3>Design and realisation:<\/h3>\n<p>city-map Stade GmbH | Agency for Internet Success<br \/>\nSchiffertorsstra\u00dfe 2<br \/>\n21682 Stade<br \/>\nPhone: +49 (0) 4141 9912-0<br \/>\nFax: +49 (0) 4141 9912-22<br \/>\nE-mail: info-stade@city-map.de<br \/>\nInternet: https:\/\/www.internet-erfolg.de<\/p>\n<p>&nbsp;<\/p>\n<h3>Technical realisation:<\/h3>\n<p>city-map Stade GmbH<br \/>\nInternet: https:\/\/www.internet-erfolg.de<\/p>\n<p>&nbsp;<\/p>\n<h2>EU dispute resolution<\/h2>\n<p>The European Commission provides a platform for online dispute resolution (OS): https:\/\/ec.europa.eu\/consumers\/odr\/.<br \/>\nYou can find our email address in the legal notice above.<\/p>\n<p>&nbsp;<\/p>\n<h2>Consumer dispute resolution\/universal arbitration centre<\/h2>\n<p>We are not willing or obliged to participate in dispute resolution proceedings before a consumer arbitration board.<\/p>\n<p><em>Translated from German by DeepL<\/em><\/p>\n\t\t\t\t\t\t\t\t<\/div>\n\t\t\t\t<\/div>\n\t\t\t\t\t<\/div>\n\t\t<\/div>\n\t\t\t\t\t<\/div>\n\t\t<\/section>\n\t\t\t\t<\/div>\n\t\t","protected":false},"excerpt":{"rendered":"<p>nordic heartfelt Legal notice Information according to \u00a7 5 TMG STADE Marketing and Tourismus GmbH Hansestra\u00dfe 16 21682 Stade Commercial register: HRB 100476 Register court: Local court Tostedt Represented by: Dr Andreas Sch\u00e4fer Chairman of the Supervisory Board: S\u00f6nke Hartlef &nbsp; Contact Phone: (0 41 41) 77698 &#8211; 0 Fax: (0 41 41) 77698 &#8211; [&hellip;]<\/p>\n","protected":false},"author":1,"featured_media":0,"parent":36626,"menu_order":0,"comment_status":"closed","ping_status":"closed","template":"","meta":{"footnotes":""},"class_list":["post-36628","page","type-page","status-publish","hentry"],"yoast_head":"<!-- This site is optimized with the Yoast SEO plugin v27.3 - https:\/\/yoast.com\/product\/yoast-seo-wordpress\/ -->\n<title>Legal notice - STADE Marketing und Tourismus<\/title>\n<meta name=\"robots\" content=\"index, follow, max-snippet:-1, max-image-preview:large, max-video-preview:-1\" \/>\n<link rel=\"canonical\" href=\"https:\/\/stade-tourismus.de\/en\/service\/legal-matters\/legal-notice\/\" \/>\n<meta property=\"og:locale\" content=\"en_US\" \/>\n<meta property=\"og:type\" content=\"article\" \/>\n<meta property=\"og:title\" content=\"Legal notice - STADE Marketing und Tourismus\" \/>\n<meta property=\"og:description\" content=\"nordic heartfelt Legal notice Information according to \u00a7 5 TMG STADE Marketing and Tourismus GmbH Hansestra\u00dfe 16 21682 Stade Commercial register: HRB 100476 Register court: Local court Tostedt Represented by: Dr Andreas Sch\u00e4fer Chairman of the Supervisory Board: S\u00f6nke Hartlef &nbsp; Contact Phone: (0 41 41) 77698 &#8211; 0 Fax: (0 41 41) 77698 &#8211; [&hellip;]\" \/>\n<meta property=\"og:url\" content=\"https:\/\/stade-tourismus.de\/en\/service\/legal-matters\/legal-notice\/\" \/>\n<meta property=\"og:site_name\" content=\"STADE Marketing und Tourismus\" \/>\n<meta property=\"article:publisher\" content=\"https:\/\/www.facebook.com\/stade.tourismus\" \/>\n<meta property=\"article:modified_time\" content=\"2024-07-12T11:11:30+00:00\" \/>\n<meta property=\"og:image\" content=\"https:\/\/stade-tourismus.de\/wp-content\/uploads\/2021\/03\/logo-300b.png\" \/>\n\t<meta property=\"og:image:width\" content=\"300\" \/>\n\t<meta property=\"og:image:height\" content=\"42\" \/>\n\t<meta property=\"og:image:type\" content=\"image\/png\" \/>\n<meta name=\"twitter:card\" content=\"summary_large_image\" \/>\n<script type=\"application\/ld+json\" class=\"yoast-schema-graph\">{\"@context\":\"https:\\\/\\\/schema.org\",\"@graph\":[{\"@type\":\"WebPage\",\"@id\":\"https:\\\/\\\/stade-tourismus.de\\\/en\\\/service\\\/legal-matters\\\/legal-notice\\\/\",\"url\":\"https:\\\/\\\/stade-tourismus.de\\\/en\\\/service\\\/legal-matters\\\/legal-notice\\\/\",\"name\":\"Legal notice - STADE Marketing und Tourismus\",\"isPartOf\":{\"@id\":\"https:\\\/\\\/stade-tourismus.de\\\/en\\\/#website\"},\"datePublished\":\"2024-05-29T12:04:55+00:00\",\"dateModified\":\"2024-07-12T11:11:30+00:00\",\"breadcrumb\":{\"@id\":\"https:\\\/\\\/stade-tourismus.de\\\/en\\\/service\\\/legal-matters\\\/legal-notice\\\/#breadcrumb\"},\"inLanguage\":\"en-US\",\"potentialAction\":[{\"@type\":\"ReadAction\",\"target\":[\"https:\\\/\\\/stade-tourismus.de\\\/en\\\/service\\\/legal-matters\\\/legal-notice\\\/\"]}]},{\"@type\":\"BreadcrumbList\",\"@id\":\"https:\\\/\\\/stade-tourismus.de\\\/en\\\/service\\\/legal-matters\\\/legal-notice\\\/#breadcrumb\",\"itemListElement\":[{\"@type\":\"ListItem\",\"position\":1,\"name\":\"Startseite\",\"item\":\"https:\\\/\\\/stade-tourismus.de\\\/en\\\/\"},{\"@type\":\"ListItem\",\"position\":2,\"name\":\"Service\",\"item\":\"https:\\\/\\\/stade-tourismus.de\\\/en\\\/service\\\/\"},{\"@type\":\"ListItem\",\"position\":3,\"name\":\"Legal matters\",\"item\":\"https:\\\/\\\/stade-tourismus.de\\\/en\\\/service\\\/rechtliches\\\/\"},{\"@type\":\"ListItem\",\"position\":4,\"name\":\"Legal notice\"}]},{\"@type\":\"WebSite\",\"@id\":\"https:\\\/\\\/stade-tourismus.de\\\/en\\\/#website\",\"url\":\"https:\\\/\\\/stade-tourismus.de\\\/en\\\/\",\"name\":\"STADE Marketing und Tourismus\",\"description\":\"\",\"publisher\":{\"@id\":\"https:\\\/\\\/stade-tourismus.de\\\/en\\\/#organization\"},\"potentialAction\":[{\"@type\":\"SearchAction\",\"target\":{\"@type\":\"EntryPoint\",\"urlTemplate\":\"https:\\\/\\\/stade-tourismus.de\\\/en\\\/?s={search_term_string}\"},\"query-input\":{\"@type\":\"PropertyValueSpecification\",\"valueRequired\":true,\"valueName\":\"search_term_string\"}}],\"inLanguage\":\"en-US\"},{\"@type\":\"Organization\",\"@id\":\"https:\\\/\\\/stade-tourismus.de\\\/en\\\/#organization\",\"name\":\"STADE Marketing und Tourismus GmbH\",\"url\":\"https:\\\/\\\/stade-tourismus.de\\\/en\\\/\",\"logo\":{\"@type\":\"ImageObject\",\"inLanguage\":\"en-US\",\"@id\":\"https:\\\/\\\/stade-tourismus.de\\\/en\\\/#\\\/schema\\\/logo\\\/image\\\/\",\"url\":\"http:\\\/\\\/stadetouri.webhost.city-map.com\\\/wp-content\\\/uploads\\\/2021\\\/03\\\/logo-300b.png\",\"contentUrl\":\"http:\\\/\\\/stadetouri.webhost.city-map.com\\\/wp-content\\\/uploads\\\/2021\\\/03\\\/logo-300b.png\",\"width\":300,\"height\":42,\"caption\":\"STADE Marketing und Tourismus GmbH\"},\"image\":{\"@id\":\"https:\\\/\\\/stade-tourismus.de\\\/en\\\/#\\\/schema\\\/logo\\\/image\\\/\"},\"sameAs\":[\"https:\\\/\\\/www.facebook.com\\\/stade.tourismus\",\"https:\\\/\\\/www.instagram.com\\\/stade_frischer_wind\\\/\",\"https:\\\/\\\/www.youtube.com\\\/results?search_query=stade tourismus\"]}]}<\/script>\n<!-- \/ Yoast SEO plugin. -->","yoast_head_json":{"title":"Legal notice - STADE Marketing und Tourismus","robots":{"index":"index","follow":"follow","max-snippet":"max-snippet:-1","max-image-preview":"max-image-preview:large","max-video-preview":"max-video-preview:-1"},"canonical":"https:\/\/stade-tourismus.de\/en\/service\/legal-matters\/legal-notice\/","og_locale":"en_US","og_type":"article","og_title":"Legal notice - STADE Marketing und Tourismus","og_description":"nordic heartfelt Legal notice Information according to \u00a7 5 TMG STADE Marketing and Tourismus GmbH Hansestra\u00dfe 16 21682 Stade Commercial register: HRB 100476 Register court: Local court Tostedt Represented by: Dr Andreas Sch\u00e4fer Chairman of the Supervisory Board: S\u00f6nke Hartlef &nbsp; Contact Phone: (0 41 41) 77698 &#8211; 0 Fax: (0 41 41) 77698 &#8211; [&hellip;]","og_url":"https:\/\/stade-tourismus.de\/en\/service\/legal-matters\/legal-notice\/","og_site_name":"STADE Marketing und Tourismus","article_publisher":"https:\/\/www.facebook.com\/stade.tourismus","article_modified_time":"2024-07-12T11:11:30+00:00","og_image":[{"width":300,"height":42,"url":"https:\/\/stade-tourismus.de\/wp-content\/uploads\/2021\/03\/logo-300b.png","type":"image\/png"}],"twitter_card":"summary_large_image","schema":{"@context":"https:\/\/schema.org","@graph":[{"@type":"WebPage","@id":"https:\/\/stade-tourismus.de\/en\/service\/legal-matters\/legal-notice\/","url":"https:\/\/stade-tourismus.de\/en\/service\/legal-matters\/legal-notice\/","name":"Legal notice - STADE Marketing und Tourismus","isPartOf":{"@id":"https:\/\/stade-tourismus.de\/en\/#website"},"datePublished":"2024-05-29T12:04:55+00:00","dateModified":"2024-07-12T11:11:30+00:00","breadcrumb":{"@id":"https:\/\/stade-tourismus.de\/en\/service\/legal-matters\/legal-notice\/#breadcrumb"},"inLanguage":"en-US","potentialAction":[{"@type":"ReadAction","target":["https:\/\/stade-tourismus.de\/en\/service\/legal-matters\/legal-notice\/"]}]},{"@type":"BreadcrumbList","@id":"https:\/\/stade-tourismus.de\/en\/service\/legal-matters\/legal-notice\/#breadcrumb","itemListElement":[{"@type":"ListItem","position":1,"name":"Startseite","item":"https:\/\/stade-tourismus.de\/en\/"},{"@type":"ListItem","position":2,"name":"Service","item":"https:\/\/stade-tourismus.de\/en\/service\/"},{"@type":"ListItem","position":3,"name":"Legal matters","item":"https:\/\/stade-tourismus.de\/en\/service\/rechtliches\/"},{"@type":"ListItem","position":4,"name":"Legal notice"}]},{"@type":"WebSite","@id":"https:\/\/stade-tourismus.de\/en\/#website","url":"https:\/\/stade-tourismus.de\/en\/","name":"STADE Marketing und Tourismus","description":"","publisher":{"@id":"https:\/\/stade-tourismus.de\/en\/#organization"},"potentialAction":[{"@type":"SearchAction","target":{"@type":"EntryPoint","urlTemplate":"https:\/\/stade-tourismus.de\/en\/?s={search_term_string}"},"query-input":{"@type":"PropertyValueSpecification","valueRequired":true,"valueName":"search_term_string"}}],"inLanguage":"en-US"},{"@type":"Organization","@id":"https:\/\/stade-tourismus.de\/en\/#organization","name":"STADE Marketing und Tourismus GmbH","url":"https:\/\/stade-tourismus.de\/en\/","logo":{"@type":"ImageObject","inLanguage":"en-US","@id":"https:\/\/stade-tourismus.de\/en\/#\/schema\/logo\/image\/","url":"http:\/\/stadetouri.webhost.city-map.com\/wp-content\/uploads\/2021\/03\/logo-300b.png","contentUrl":"http:\/\/stadetouri.webhost.city-map.com\/wp-content\/uploads\/2021\/03\/logo-300b.png","width":300,"height":42,"caption":"STADE Marketing und Tourismus GmbH"},"image":{"@id":"https:\/\/stade-tourismus.de\/en\/#\/schema\/logo\/image\/"},"sameAs":["https:\/\/www.facebook.com\/stade.tourismus","https:\/\/www.instagram.com\/stade_frischer_wind\/","https:\/\/www.youtube.com\/results?search_query=stade tourismus"]}]}},"_links":{"self":[{"href":"https:\/\/stade-tourismus.de\/en\/wp-json\/wp\/v2\/pages\/36628","targetHints":{"allow":["GET"]}}],"collection":[{"href":"https:\/\/stade-tourismus.de\/en\/wp-json\/wp\/v2\/pages"}],"about":[{"href":"https:\/\/stade-tourismus.de\/en\/wp-json\/wp\/v2\/types\/page"}],"author":[{"embeddable":true,"href":"https:\/\/stade-tourismus.de\/en\/wp-json\/wp\/v2\/users\/1"}],"replies":[{"embeddable":true,"href":"https:\/\/stade-tourismus.de\/en\/wp-json\/wp\/v2\/comments?post=36628"}],"version-history":[{"count":0,"href":"https:\/\/stade-tourismus.de\/en\/wp-json\/wp\/v2\/pages\/36628\/revisions"}],"up":[{"embeddable":true,"href":"https:\/\/stade-tourismus.de\/en\/wp-json\/wp\/v2\/pages\/36626"}],"wp:attachment":[{"href":"https:\/\/stade-tourismus.de\/en\/wp-json\/wp\/v2\/media?parent=36628"}],"curies":[{"name":"wp","href":"https:\/\/api.w.org\/{rel}","templated":true}]}}